{"id":37246,"date":"2025-07-11T16:13:41","date_gmt":"2025-07-11T13:13:41","guid":{"rendered":"https:\/\/akrekalonline.com\/?page_id=37246"},"modified":"2025-07-11T16:27:06","modified_gmt":"2025-07-11T13:27:06","slug":"iec-system-of-conformity-assessment-schemes-for-electrotechnical-equipmentand-components-iecee-system","status":"publish","type":"page","link":"https:\/\/akrekalonline.com\/index.php\/iec-system-of-conformity-assessment-schemes-for-electrotechnical-equipmentand-components-iecee-system\/","title":{"rendered":"Elektroteknik Ekipman ve Bile\u015fenler i\u00e7in IEC Uygunluk De\u011ferlendirme Sistemi \u015eemalar\u0131 (IECEE Sistemi)"},"content":{"rendered":"\n<h3 class=\"wp-block-heading\">IEC\/IECEE Nedir?<\/h3>\n\n\n\n<p>Uluslararas\u0131 Elektroteknik Komisyonu (IEC), d\u00fcnya genelinde kabul g\u00f6ren elektrik, elektronik ve ilgili teknolojilere y\u00f6nelik standartlar yay\u0131mlar. IEC\u2019nin \u201cIECEE Sistemi\u201d ise bu standartlara uygunlu\u011fu de\u011ferlendiren bir <strong>k\u00fcresel uygunluk de\u011ferlendirme sistemidir.<\/strong><\/p>\n\n\n\n<hr class=\"wp-block-separator has-alpha-channel-opacity\"\/>\n\n\n\n<h3 class=\"wp-block-heading\">IECEE Sistemi Ne Ama\u00e7lar?<\/h3>\n\n\n\n<p>IECEE, \u00fcreticilerin ve kullan\u0131c\u0131lar\u0131n <strong>elektroteknik \u00fcr\u00fcnlerin g\u00fcvenli, kaliteli ve uyumlu<\/strong> oldu\u011funu bilmelerini sa\u011flar. Bu sistem sayesinde:<\/p>\n\n\n\n<ul class=\"wp-block-list\">\n<li>\u00dcr\u00fcnler farkl\u0131 \u00fclkelerde tekrar test edilmeye gerek kalmadan kabul g\u00f6r\u00fcr (CB Scheme),<\/li>\n\n\n\n<li>Uluslararas\u0131 ticaret kolayla\u015f\u0131r,<\/li>\n\n\n\n<li>T\u00fcketici g\u00fcvenli\u011fi ve teknik uyumluluk garanti alt\u0131na al\u0131n\u0131r.<\/li>\n<\/ul>\n\n\n\n<hr class=\"wp-block-separator has-alpha-channel-opacity\"\/>\n\n\n\n<h3 class=\"wp-block-heading\">Hangi \u00dcr\u00fcnler Kapsam Dahilindedir?<\/h3>\n\n\n\n<p>IECEE Sistemi; ev aletlerinden laboratuvar cihazlar\u0131na, kablolar ve fi\u015flerden otomatik kontrol sistemlerine kadar geni\u015f bir \u00fcr\u00fcn yelpazesini kapsar. \u00d6ne \u00e7\u0131kan kategoriler \u015funlard\u0131r:<\/p>\n\n\n\n<ul class=\"wp-block-list\">\n<li>D\u00fc\u015f\u00fck voltajl\u0131 elektrikli cihazlar<\/li>\n\n\n\n<li>Bilgi teknolojisi ekipmanlar\u0131<\/li>\n\n\n\n<li>\u00d6l\u00e7\u00fcm, kontrol ve laboratuvar ekipmanlar\u0131<\/li>\n\n\n\n<li>Ak\u00fcler ve enerji depolama sistemleri<\/li>\n<\/ul>\n\n\n\n<div data-wp-interactive=\"core\/file\" class=\"wp-block-file\"><object data-wp-bind--hidden=\"!state.hasPdfPreview\" hidden class=\"wp-block-file__embed\" data=\"https:\/\/akrekalonline.com\/wp-content\/uploads\/2025\/07\/Limitler-icin-IEC-Stanndardi-2.pdf\" type=\"application\/pdf\" style=\"width:100%;height:600px\" aria-label=\"Limitler i\u00e7in IEC Stanndard\u0131 (2) g\u00f6m\u00fcs\u00fc.\"><\/object><a id=\"wp-block-file--media-bb172b45-90d7-4370-b584-a22bfc8832e1\" href=\"https:\/\/akrekalonline.com\/wp-content\/uploads\/2025\/07\/Limitler-icin-IEC-Stanndardi-2.pdf\">Limitler i\u00e7in IEC Stanndard\u0131 (2)<\/a><a href=\"https:\/\/akrekalonline.com\/wp-content\/uploads\/2025\/07\/Limitler-icin-IEC-Stanndardi-2.pdf\" class=\"wp-block-file__button wp-element-button\" download aria-describedby=\"wp-block-file--media-bb172b45-90d7-4370-b584-a22bfc8832e1\">\u0130ndir<\/a><\/div>\n\n\n\n<p><\/p>\n","protected":false},"excerpt":{"rendered":"<p>IEC\/IECEE Nedir? Uluslararas\u0131 Elektroteknik Komisyonu (IEC), d\u00fcnya genelinde kabul g\u00f6ren elektrik, elektronik ve ilgili teknolojilere y\u00f6nelik standartlar yay\u0131mlar. IEC\u2019nin \u201cIECEE<\/p>\n","protected":false},"author":1,"featured_media":0,"parent":0,"menu_order":0,"comment_status":"closed","ping_status":"closed","template":"","meta":{"footnotes":""},"class_list":["post-37246","page","type-page","status-publish","hentry"],"jetpack_sharing_enabled":true,"_links":{"self":[{"href":"https:\/\/akrekalonline.com\/index.php\/wp-json\/wp\/v2\/pages\/37246","targetHints":{"allow":["GET"]}}],"collection":[{"href":"https:\/\/akrekalonline.com\/index.php\/wp-json\/wp\/v2\/pages"}],"about":[{"href":"https:\/\/akrekalonline.com\/index.php\/wp-json\/wp\/v2\/types\/page"}],"author":[{"embeddable":true,"href":"https:\/\/akrekalonline.com\/index.php\/wp-json\/wp\/v2\/users\/1"}],"replies":[{"embeddable":true,"href":"https:\/\/akrekalonline.com\/index.php\/wp-json\/wp\/v2\/comments?post=37246"}],"version-history":[{"count":4,"href":"https:\/\/akrekalonline.com\/index.php\/wp-json\/wp\/v2\/pages\/37246\/revisions"}],"predecessor-version":[{"id":37257,"href":"https:\/\/akrekalonline.com\/index.php\/wp-json\/wp\/v2\/pages\/37246\/revisions\/37257"}],"wp:attachment":[{"href":"https:\/\/akrekalonline.com\/index.php\/wp-json\/wp\/v2\/media?parent=37246"}],"curies":[{"name":"wp","href":"https:\/\/api.w.org\/{rel}","templated":true}]}}