{"id":37262,"date":"2025-07-11T16:41:44","date_gmt":"2025-07-11T13:41:44","guid":{"rendered":"https:\/\/akrekalonline.com\/?page_id=37262"},"modified":"2025-07-12T00:05:11","modified_gmt":"2025-07-11T21:05:11","slug":"oiml-r-76-1-otomatik-olmayan-tarti-aletleri-metrolojik-ve-teknik-gereksinimler-ile-testler","status":"publish","type":"page","link":"https:\/\/akrekalonline.com\/index.php\/oiml-r-76-1-otomatik-olmayan-tarti-aletleri-metrolojik-ve-teknik-gereksinimler-ile-testler\/","title":{"rendered":"OIML R 76-1: Otomatik Olmayan Tart\u0131 Aletleri \u2013 Metrolojik ve Teknik Gereksinimler ile Testler"},"content":{"rendered":"\n<h3 class=\"wp-block-heading\">OIML R 76-1: Non-automatic Weighing Instruments<\/h3>\n\n\n\n<p><strong>Part 1: Metrological and Technical Requirements &#8211; Tests<\/strong><\/p>\n\n\n\n<p>OIML R 76-1, otomatik olmayan tart\u0131 aletleri i\u00e7in uluslararas\u0131 metroloji standartlar\u0131n\u0131 belirleyen bir rehberdir. Bu standart, tart\u0131 aletlerinin teknik \u00f6zellikleri, do\u011fruluk gereksinimleri ve performans testlerini kapsar.<\/p>\n\n\n\n<p>\u00dcreticiler, test laboratuvarlar\u0131 ve yasal otoriteler i\u00e7in tasarlanm\u0131\u015f olan OIML R 76-1, tart\u0131 aletlerinin g\u00fcvenilir ve tutarl\u0131 \u00f6l\u00e7\u00fcm yapmas\u0131n\u0131 sa\u011flamay\u0131 ama\u00e7lar.<\/p>\n\n\n\n<p>Sitemizde bu \u00f6nemli standard\u0131n tam metnini inceleyebilir, ilgili teknik detaylara ula\u015fabilirsiniz.<\/p>\n\n\n\n<div data-wp-interactive=\"core\/file\" class=\"wp-block-file\"><object data-wp-bind--hidden=\"!state.hasPdfPreview\" hidden class=\"wp-block-file__embed\" data=\"https:\/\/akrekalonline.com\/wp-content\/uploads\/2025\/07\/OIML-r076-1-e06-1.pdf\" type=\"application\/pdf\" style=\"width:100%;height:600px\" aria-label=\"OIML r076-1-e06 (1) g\u00f6m\u00fcs\u00fc.\"><\/object><a id=\"wp-block-file--media-db16b5e1-dae2-482a-9c53-fab5d0b6ff4c\" href=\"https:\/\/akrekalonline.com\/wp-content\/uploads\/2025\/07\/OIML-r076-1-e06-1.pdf\">OIML r076-1-e06 (1)<\/a><a href=\"https:\/\/akrekalonline.com\/wp-content\/uploads\/2025\/07\/OIML-r076-1-e06-1.pdf\" class=\"wp-block-file__button wp-element-button\" download aria-describedby=\"wp-block-file--media-db16b5e1-dae2-482a-9c53-fab5d0b6ff4c\">\u0130ndir<\/a><\/div>\n","protected":false},"excerpt":{"rendered":"<p>OIML R 76-1: Non-automatic Weighing Instruments Part 1: Metrological and Technical Requirements &#8211; Tests OIML R 76-1, otomatik olmayan tart\u0131<\/p>\n","protected":false},"author":1,"featured_media":0,"parent":0,"menu_order":0,"comment_status":"closed","ping_status":"closed","template":"","meta":{"footnotes":""},"class_list":["post-37262","page","type-page","status-publish","hentry"],"jetpack_sharing_enabled":true,"_links":{"self":[{"href":"https:\/\/akrekalonline.com\/index.php\/wp-json\/wp\/v2\/pages\/37262","targetHints":{"allow":["GET"]}}],"collection":[{"href":"https:\/\/akrekalonline.com\/index.php\/wp-json\/wp\/v2\/pages"}],"about":[{"href":"https:\/\/akrekalonline.com\/index.php\/wp-json\/wp\/v2\/types\/page"}],"author":[{"embeddable":true,"href":"https:\/\/akrekalonline.com\/index.php\/wp-json\/wp\/v2\/users\/1"}],"replies":[{"embeddable":true,"href":"https:\/\/akrekalonline.com\/index.php\/wp-json\/wp\/v2\/comments?post=37262"}],"version-history":[{"count":1,"href":"https:\/\/akrekalonline.com\/index.php\/wp-json\/wp\/v2\/pages\/37262\/revisions"}],"predecessor-version":[{"id":37265,"href":"https:\/\/akrekalonline.com\/index.php\/wp-json\/wp\/v2\/pages\/37262\/revisions\/37265"}],"wp:attachment":[{"href":"https:\/\/akrekalonline.com\/index.php\/wp-json\/wp\/v2\/media?parent=37262"}],"curies":[{"name":"wp","href":"https:\/\/api.w.org\/{rel}","templated":true}]}}