{"id":37266,"date":"2025-07-11T16:46:35","date_gmt":"2025-07-11T13:46:35","guid":{"rendered":"https:\/\/akrekalonline.com\/?page_id=37266"},"modified":"2025-07-12T00:04:09","modified_gmt":"2025-07-11T21:04:09","slug":"euramet-kalibrasyon-kilavuzu-no-18-otomatik-olmayan-tarti-aletlerinin-kalibrasyonu-surum-4-0-11-2015","status":"publish","type":"page","link":"https:\/\/akrekalonline.com\/index.php\/euramet-kalibrasyon-kilavuzu-no-18-otomatik-olmayan-tarti-aletlerinin-kalibrasyonu-surum-4-0-11-2015\/","title":{"rendered":"EURAMET Kalibrasyon K\u0131lavuzu No. 18 \u2013 Otomatik Olmayan Tart\u0131 Aletlerinin Kalibrasyonu (S\u00fcr\u00fcm 4.0, 11\/2015)"},"content":{"rendered":"\n<p>Bu k\u0131lavuz, otomatik olmayan tart\u0131 aletlerinin (NAWI &#8211; Non-Automatic Weighing Instruments) kalibrasyonu i\u00e7in EURAMET taraf\u0131ndan yay\u0131mlanm\u0131\u015f resmi bir referans dok\u00fcmand\u0131r. Tart\u0131m i\u015flemlerinde do\u011fruluk, izlenebilirlik ve g\u00fcvenilirlik sa\u011flamak amac\u0131yla izlenecek y\u00f6ntemleri ve belirsizlik hesaplamalar\u0131n\u0131 detayl\u0131 \u015fekilde a\u00e7\u0131klar.<\/p>\n\n\n\n<p><strong>K\u0131lavuzda yer alan ba\u015fl\u0131ca konular:<\/strong><\/p>\n\n\n\n<ul class=\"wp-block-list\">\n<li>Tart\u0131 aletlerinin kalibrasyon prosed\u00fcrleri<\/li>\n\n\n\n<li>Kullan\u0131lacak a\u011f\u0131rl\u0131k setlerinin gereklilikleri<\/li>\n\n\n\n<li>\u00d6l\u00e7\u00fcm sonu\u00e7lar\u0131n\u0131n de\u011ferlendirilmesi<\/li>\n\n\n\n<li>\u00d6l\u00e7\u00fcm belirsizli\u011fi hesaplama y\u00f6ntemleri<\/li>\n\n\n\n<li>Kalibrasyon raporlar\u0131n\u0131n haz\u0131rlanmas\u0131<\/li>\n<\/ul>\n\n\n\n<p>\u00d6zellikle kalibrasyon laboratuvarlar\u0131, kalite kontrol birimleri, metroloji uzmanlar\u0131 ve tart\u0131 ekipmanlar\u0131 \u00fcreticileri i\u00e7in \u00f6nemli bir teknik kaynakt\u0131r.<\/p>\n\n\n\n<p>\ud83d\udcc4 PDF dok\u00fcman\u0131na a\u015fa\u011f\u0131dan ula\u015fabilirsiniz.<\/p>\n\n\n\n<div data-wp-interactive=\"core\/file\" class=\"wp-block-file\"><object data-wp-bind--hidden=\"!state.hasPdfPreview\" hidden class=\"wp-block-file__embed\" data=\"https:\/\/akrekalonline.com\/wp-content\/uploads\/2025\/07\/EURAMET-CG-18_Calibration_Guide_No._18-1.pdf\" type=\"application\/pdf\" style=\"width:100%;height:600px\" aria-label=\"EURAMET CG 18_Calibration_Guide_No._18 (1) g\u00f6m\u00fcs\u00fc.\"><\/object><a id=\"wp-block-file--media-f7302e41-ad47-48f1-82ee-31b05ef032f6\" href=\"https:\/\/akrekalonline.com\/wp-content\/uploads\/2025\/07\/EURAMET-CG-18_Calibration_Guide_No._18-1.pdf\">EURAMET CG 18_Calibration_Guide_No._18 (1)<\/a><a href=\"https:\/\/akrekalonline.com\/wp-content\/uploads\/2025\/07\/EURAMET-CG-18_Calibration_Guide_No._18-1.pdf\" class=\"wp-block-file__button wp-element-button\" download aria-describedby=\"wp-block-file--media-f7302e41-ad47-48f1-82ee-31b05ef032f6\">\u0130ndir<\/a><\/div>\n","protected":false},"excerpt":{"rendered":"<p>Bu k\u0131lavuz, otomatik olmayan tart\u0131 aletlerinin (NAWI &#8211; Non-Automatic Weighing Instruments) kalibrasyonu i\u00e7in EURAMET taraf\u0131ndan yay\u0131mlanm\u0131\u015f resmi bir referans dok\u00fcmand\u0131r.<\/p>\n","protected":false},"author":1,"featured_media":0,"parent":0,"menu_order":0,"comment_status":"closed","ping_status":"closed","template":"","meta":{"footnotes":""},"class_list":["post-37266","page","type-page","status-publish","hentry"],"jetpack_sharing_enabled":true,"_links":{"self":[{"href":"https:\/\/akrekalonline.com\/index.php\/wp-json\/wp\/v2\/pages\/37266","targetHints":{"allow":["GET"]}}],"collection":[{"href":"https:\/\/akrekalonline.com\/index.php\/wp-json\/wp\/v2\/pages"}],"about":[{"href":"https:\/\/akrekalonline.com\/index.php\/wp-json\/wp\/v2\/types\/page"}],"author":[{"embeddable":true,"href":"https:\/\/akrekalonline.com\/index.php\/wp-json\/wp\/v2\/users\/1"}],"replies":[{"embeddable":true,"href":"https:\/\/akrekalonline.com\/index.php\/wp-json\/wp\/v2\/comments?post=37266"}],"version-history":[{"count":1,"href":"https:\/\/akrekalonline.com\/index.php\/wp-json\/wp\/v2\/pages\/37266\/revisions"}],"predecessor-version":[{"id":37270,"href":"https:\/\/akrekalonline.com\/index.php\/wp-json\/wp\/v2\/pages\/37266\/revisions\/37270"}],"wp:attachment":[{"href":"https:\/\/akrekalonline.com\/index.php\/wp-json\/wp\/v2\/media?parent=37266"}],"curies":[{"name":"wp","href":"https:\/\/api.w.org\/{rel}","templated":true}]}}