{"id":37329,"date":"2025-07-11T18:16:41","date_gmt":"2025-07-11T15:16:41","guid":{"rendered":"https:\/\/akrekalonline.com\/?page_id=37329"},"modified":"2025-07-11T18:20:03","modified_gmt":"2025-07-11T15:20:03","slug":"dokuman","status":"publish","type":"page","link":"https:\/\/akrekalonline.com\/index.php\/dokuman\/","title":{"rendered":"D\u00d6K\u00dcMAN"},"content":{"rendered":"\n<p>Kalibrasyon y\u00f6netmeli\u011finde yer alan d\u00f6k\u00fcmanlar.<\/p>\n\n\n\n<p><\/p>\n","protected":false},"excerpt":{"rendered":"<p>Kalibrasyon y\u00f6netmeli\u011finde yer alan d\u00f6k\u00fcmanlar.<\/p>\n","protected":false},"author":1,"featured_media":0,"parent":0,"menu_order":0,"comment_status":"closed","ping_status":"closed","template":"","meta":{"footnotes":""},"class_list":["post-37329","page","type-page","status-publish","hentry"],"jetpack_sharing_enabled":true,"_links":{"self":[{"href":"https:\/\/akrekalonline.com\/index.php\/wp-json\/wp\/v2\/pages\/37329","targetHints":{"allow":["GET"]}}],"collection":[{"href":"https:\/\/akrekalonline.com\/index.php\/wp-json\/wp\/v2\/pages"}],"about":[{"href":"https:\/\/akrekalonline.com\/index.php\/wp-json\/wp\/v2\/types\/page"}],"author":[{"embeddable":true,"href":"https:\/\/akrekalonline.com\/index.php\/wp-json\/wp\/v2\/users\/1"}],"replies":[{"embeddable":true,"href":"https:\/\/akrekalonline.com\/index.php\/wp-json\/wp\/v2\/comments?post=37329"}],"version-history":[{"count":2,"href":"https:\/\/akrekalonline.com\/index.php\/wp-json\/wp\/v2\/pages\/37329\/revisions"}],"predecessor-version":[{"id":37334,"href":"https:\/\/akrekalonline.com\/index.php\/wp-json\/wp\/v2\/pages\/37329\/revisions\/37334"}],"wp:attachment":[{"href":"https:\/\/akrekalonline.com\/index.php\/wp-json\/wp\/v2\/media?parent=37329"}],"curies":[{"name":"wp","href":"https:\/\/api.w.org\/{rel}","templated":true}]}}