{"id":4400,"date":"2021-10-12T15:51:09","date_gmt":"2021-10-12T15:51:09","guid":{"rendered":"http:\/\/dummy.xtemos.com\/woodmart2\/elementor\/?page_id=4400"},"modified":"2025-07-06T23:48:36","modified_gmt":"2025-07-06T20:48:36","slug":"about-us-3","status":"publish","type":"page","link":"https:\/\/akrekalonline.com\/index.php\/about-us-3\/","title":{"rendered":"About us"},"content":{"rendered":"\t\t<div data-elementor-type=\"wp-page\" data-elementor-id=\"4400\" class=\"elementor elementor-4400\">\n\t\t\t\t\t\t<section class=\"elementor-section elementor-top-section elementor-element elementor-element-5f5cb544 elementor-section-boxed elementor-section-height-default elementor-section-height-default\" data-id=\"5f5cb544\" data-element_type=\"section\">\n\t\t\t\t\t\t<div class=\"elementor-container elementor-column-gap-default\">\n\t\t\t\t\t<div class=\"elementor-column elementor-col-100 elementor-top-column elementor-element elementor-element-16399f09\" data-id=\"16399f09\" data-element_type=\"column\">\n\t\t\t<div class=\"elementor-widget-wrap elementor-element-populated\">\n\t\t\t\t\t\t<div class=\"elementor-element elementor-element-cc354ea wd-width-100 elementor-widget elementor-widget-wd_title\" data-id=\"cc354ea\" data-element_type=\"widget\" data-widget_type=\"wd_title.default\">\n\t\t\t\t<div class=\"elementor-widget-container\">\n\t\t\t\t\t\t\t<div class=\"title-wrapper wd-set-mb reset-last-child wd-title-color-default wd-title-style-default wd-title-size-extra-large text-left\">\n\n\t\t\t\n\t\t\t<div class=\"liner-continer\">\n\t\t\t\t<h4 class=\"woodmart-title-container title wd-fontsize-xxxl\">Hakk\u0131m\u0131zda<\/h4> \n\t\t\t\t\t\t\t<\/div>\n\n\t\t\t\t\t<\/div>\n\t\t\t\t\t\t<\/div>\n\t\t\t\t<\/div>\n\t\t\t\t<div class=\"elementor-element elementor-element-24296ec0 color-scheme-inherit text-left elementor-widget elementor-widget-text-editor\" data-id=\"24296ec0\" data-element_type=\"widget\" data-widget_type=\"text-editor.default\">\n\t\t\t\t\t\t\t\t\t<p data-start=\"101\" data-end=\"588\"><strong data-start=\"101\" data-end=\"112\">Akrekal<\/strong>, T\u00fcrkiye\u2019nin \u00f6nde gelen e\u011fitim ve dan\u0131\u015fmanl\u0131k firmalar\u0131ndan biri olarak, kalite y\u00f6netimi ve belgelendirme alanlar\u0131nda uzmanla\u015fm\u0131\u015ft\u0131r. Kuruldu\u011fu g\u00fcnden bu yana, ISO 17020, ISO 17025, ISO 17024 akreditasyonlar\u0131, TSE \u00fcr\u00fcn belgelendirme, Yerli Mal\u0131 Belgesi, ISO 27001 Bilgi G\u00fcvenli\u011fi Y\u00f6netim Sistemi ve ISO 9001 Kalite Y\u00f6netim Sistemi dan\u0131\u015fmanl\u0131\u011f\u0131 ba\u015fta olmak \u00fczere, \u00e7e\u015fitli ulusal ve uluslararas\u0131 standartlara uygunluk s\u00fcre\u00e7lerinde m\u00fc\u015fterilerine kapsaml\u0131 hizmetler sunmaktad\u0131r.<\/p><p data-start=\"590\" data-end=\"1008\">Firmam\u0131z, sekt\u00f6rdeki deneyimi ve bilgi birikimi ile m\u00fc\u015fterilerimizin kalite ve y\u00f6netim sistemlerini en \u00fcst seviyeye ta\u015f\u0131may\u0131 ama\u00e7lamaktad\u0131r. Bu do\u011frultuda, kalibrasyon ve do\u011frulama, ISO 27001 bilgi g\u00fcvenli\u011fi y\u00f6netim sistemi, metot do\u011frulama ve ge\u00e7erli k\u0131lma gibi alanlarda d\u00fczenlenen e\u011fitim programlar\u0131yla, kurumlar\u0131n s\u00fcre\u00e7lerini g\u00fc\u00e7lendirmelerine destek vermekte ve s\u00fcrd\u00fcr\u00fclebilir ba\u015far\u0131ya ula\u015fmalar\u0131n\u0131 sa\u011flamaktad\u0131r.<\/p><p data-start=\"1010\" data-end=\"1403\"><strong data-start=\"1010\" data-end=\"1027\">Akrekalonline<\/strong>, Akrekal\u2019\u0131n bir alt markas\u0131 olarak, kalibrasyon ve \u00f6l\u00e7\u00fcm ekipmanlar\u0131 temininde kalite ve g\u00fcvenilirli\u011fi esas alan hizmet anlay\u0131\u015f\u0131yla faaliyet g\u00f6stermektedir. Akrekalonline, e\u011fitim ve dan\u0131\u015fmanl\u0131k alan\u0131ndaki uzmanl\u0131\u011f\u0131m\u0131z\u0131, y\u00fcksek kalite standartlar\u0131na sahip \u00fcr\u00fcn portf\u00f6y\u00fcm\u00fczle birle\u015ftirerek, m\u00fc\u015fterilerimizin ihtiya\u00e7 duydu\u011fu g\u00fcvenilir ve etkin \u00e7\u00f6z\u00fcmleri sunmay\u0131 hedeflemektedir.<\/p><p data-start=\"1405\" data-end=\"1720\">Misyonumuz, m\u00fc\u015fterilerimizin kalite ve y\u00f6netim sistemi standartlar\u0131na tam uyum sa\u011flamalar\u0131n\u0131 kolayla\u015ft\u0131rmak ve sekt\u00f6rlerindeki rekabet g\u00fc\u00e7lerini art\u0131rmakt\u0131r. Vizyonumuz ise, e\u011fitim ve dan\u0131\u015fmanl\u0131k alan\u0131ndaki \u00f6nc\u00fcl\u00fc\u011f\u00fcm\u00fcz\u00fc, teknoloji ve yenilik\u00e7i \u00e7\u00f6z\u00fcmlerle destekleyerek, m\u00fc\u015fterilerimize de\u011fer katmaya devam etmektir.<\/p><p data-start=\"1722\" data-end=\"2045\">Akrekal ve Akrekalonline olarak, etik de\u011ferlere ba\u011fl\u0131, m\u00fc\u015fteri odakl\u0131 ve \u00e7\u00f6z\u00fcm \u00fcreten bir anlay\u0131\u015fla, sekt\u00f6r\u00fcn gereksinimlerine en uygun hizmetleri sunmay\u0131 taahh\u00fct ediyoruz. Kalite, g\u00fcven ve profesyonellik temel prensiplerimiz do\u011frultusunda, i\u015f ortaklar\u0131m\u0131zla uzun vadeli ve s\u00fcrd\u00fcr\u00fclebilir ili\u015fkiler kurmay\u0131 hedeflemekteyiz.<\/p>\t\t\t\t\t\t\t\t<\/div>\n\t\t\t\t<section class=\"wd-negative-gap elementor-section elementor-inner-section elementor-element elementor-element-f0dd7b3 elementor-section-content-middle elementor-section-boxed elementor-section-height-default elementor-section-height-default\" data-id=\"f0dd7b3\" data-element_type=\"section\">\n\t\t\t\t\t\t<div class=\"elementor-container elementor-column-gap-default\">\n\t\t\t\t\t<div class=\"elementor-column elementor-col-100 elementor-inner-column elementor-element elementor-element-16bb0939\" data-id=\"16bb0939\" data-element_type=\"column\">\n\t\t\t<div class=\"elementor-widget-wrap elementor-element-populated\">\n\t\t\t\t\t\t<div class=\"elementor-element elementor-element-7ad9d8f0 elementor-widget__width-auto elementor-widget elementor-widget-wd_text_block\" data-id=\"7ad9d8f0\" data-element_type=\"widget\" data-widget_type=\"wd_text_block.default\">\n\t\t\t\t<div class=\"elementor-widget-container\">\n\t\t\t\t\t\t\t<div class=\"wd-text-block reset-last-child text-left\">\n\t\t\t\n\t\t\t<h6><a href=\"http:\/\/xtemos.com\"><strong><em>Developed by hanoglu<\/em><\/strong><\/a><\/h6>\n\t\t\t\t\t<\/div>\n\t\t\t\t\t\t<\/div>\n\t\t\t\t<\/div>\n\t\t\t\t<div class=\"elementor-element elementor-element-383eeb29 elementor-widget__width-auto elementor-widget elementor-widget-wd_social_buttons\" data-id=\"383eeb29\" data-element_type=\"widget\" data-widget_type=\"wd_social_buttons.default\">\n\t\t\t\t<div class=\"elementor-widget-container\">\n\t\t\t\t\t\t\t\t<div\n\t\t\t\t\t\tclass=\" wd-social-icons wd-style-bordered wd-size-small social-share wd-shape-circle color-scheme-dark text-right\">\n\t\t\t\t\n\t\t\t\t\n\t\t\t\t\t\t\t\t\t<a rel=\"noopener noreferrer nofollow\" href=\"https:\/\/www.facebook.com\/sharer\/sharer.php?u=https:\/\/akrekalonline.com\/index.php\/about-us-3\/\" target=\"_blank\" class=\" wd-social-icon social-facebook\" aria-label=\"Facebook social link\">\n\t\t\t\t\t\t<span class=\"wd-icon\"><\/span>\n\t\t\t\t\t\t\t\t\t\t\t<\/a>\n\t\t\t\t\n\t\t\t\t\t\t\t\t\t<a rel=\"noopener noreferrer nofollow\" href=\"https:\/\/x.com\/share?url=https:\/\/akrekalonline.com\/index.php\/about-us-3\/\" target=\"_blank\" class=\" wd-social-icon social-twitter\" aria-label=\"X social link\">\n\t\t\t\t\t\t<span class=\"wd-icon\"><\/span>\n\t\t\t\t\t\t\t\t\t\t\t<\/a>\n\t\t\t\t\n\t\t\t\t\n\t\t\t\t\n\t\t\t\t\n\t\t\t\t\n\t\t\t\t\n\t\t\t\t\n\t\t\t\t\n\t\t\t\t\t\t\t\t\t<a rel=\"noopener noreferrer nofollow\" href=\"https:\/\/www.linkedin.com\/shareArticle?mini=true&url=https:\/\/akrekalonline.com\/index.php\/about-us-3\/\" target=\"_blank\" class=\" wd-social-icon social-linkedin\" aria-label=\"Linkedin social link\">\n\t\t\t\t\t\t<span class=\"wd-icon\"><\/span>\n\t\t\t\t\t\t\t\t\t\t\t<\/a>\n\t\t\t\t\n\t\t\t\t\n\t\t\t\t\n\t\t\t\t\n\t\t\t\t\n\t\t\t\t\n\t\t\t\t\n\t\t\t\t\n\t\t\t\t\n\t\t\t\t\n\t\t\t\t\n\t\t\t\t\n\t\t\t\t\n\t\t\t\t\n\t\t\t\t\n\t\t\t\t\n\t\t\t\t\n\t\t\t<\/div>\n\n\t\t\t\t\t\t<\/div>\n\t\t\t\t<\/div>\n\t\t\t\t\t<\/div>\n\t\t<\/div>\n\t\t\t\t\t<\/div>\n\t\t<\/section>\n\t\t\t\t\t<\/div>\n\t\t<\/div>\n\t\t\t\t\t<\/div>\n\t\t<\/section>\n\t\t\t\t<\/div>\n\t\t","protected":false},"excerpt":{"rendered":"<p>Hakk\u0131m\u0131zda Akrekal, T\u00fcrkiye\u2019nin \u00f6nde gelen e\u011fitim ve dan\u0131\u015fmanl\u0131k firmalar\u0131ndan biri olarak, kalite y\u00f6netimi ve belgelendirme alanlar\u0131nda uzmanla\u015fm\u0131\u015ft\u0131r. Kuruldu\u011fu g\u00fcnden bu<\/p>\n","protected":false},"author":1,"featured_media":0,"parent":0,"menu_order":0,"comment_status":"closed","ping_status":"closed","template":"","meta":{"footnotes":""},"class_list":["post-4400","page","type-page","status-publish","hentry"],"jetpack_sharing_enabled":true,"_links":{"self":[{"href":"https:\/\/akrekalonline.com\/index.php\/wp-json\/wp\/v2\/pages\/4400","targetHints":{"allow":["GET"]}}],"collection":[{"href":"https:\/\/akrekalonline.com\/index.php\/wp-json\/wp\/v2\/pages"}],"about":[{"href":"https:\/\/akrekalonline.com\/index.php\/wp-json\/wp\/v2\/types\/page"}],"author":[{"embeddable":true,"href":"https:\/\/akrekalonline.com\/index.php\/wp-json\/wp\/v2\/users\/1"}],"replies":[{"embeddable":true,"href":"https:\/\/akrekalonline.com\/index.php\/wp-json\/wp\/v2\/comments?post=4400"}],"version-history":[{"count":3,"href":"https:\/\/akrekalonline.com\/index.php\/wp-json\/wp\/v2\/pages\/4400\/revisions"}],"predecessor-version":[{"id":37058,"href":"https:\/\/akrekalonline.com\/index.php\/wp-json\/wp\/v2\/pages\/4400\/revisions\/37058"}],"wp:attachment":[{"href":"https:\/\/akrekalonline.com\/index.php\/wp-json\/wp\/v2\/media?parent=4400"}],"curies":[{"name":"wp","href":"https:\/\/api.w.org\/{rel}","templated":true}]}}