{"id":37024,"date":"2025-07-05T22:27:10","date_gmt":"2025-07-05T19:27:10","guid":{"rendered":"https:\/\/akrekalonline.com\/?post_type=product&#038;p=37024"},"modified":"2025-09-09T11:07:20","modified_gmt":"2025-09-09T08:07:20","slug":"proses-kalibratoru-pce-123","status":"publish","type":"product","link":"https:\/\/akrekalonline.com\/index.php\/urun\/proses-kalibratoru-pce-123\/","title":{"rendered":"Proses Kalibrat\u00f6r\u00fc PCE-123"},"content":{"rendered":"\t\t<div data-elementor-type=\"wp-post\" data-elementor-id=\"37024\" class=\"elementor elementor-37024\">\n\t\t\t\t<div class=\"wd-negative-gap elementor-element elementor-element-53eea44 e-flex e-con-boxed e-con e-parent\" data-id=\"53eea44\" data-element_type=\"container\">\n\t\t\t\t\t<div class=\"e-con-inner\">\n\t\t<div class=\"elementor-element elementor-element-cc8e042 e-con-full e-flex e-con e-child\" data-id=\"cc8e042\" data-element_type=\"container\">\n\t\t\t\t<div class=\"elementor-element elementor-element-4a8a87a elementor-widget elementor-widget-wd_text_block\" data-id=\"4a8a87a\" data-element_type=\"widget\" data-widget_type=\"wd_text_block.default\">\n\t\t\t\t<div class=\"elementor-widget-container\">\n\t\t\t\t\t\t\t<div class=\"wd-text-block reset-last-child text-center\">\n\t\t\t\n\t\t\t<h1 class=\"main-title main-heading\">Proses Kalibrat\u00f6r\u00fc PCE-123<\/h1><ul><li><p>PCE-123, kontrol cihazlar\u0131n\u0131n ve \u00f6l\u00e7\u00fcm aletlerinin \u00e7e\u015fitli parametrelerini test etmek ve kalibre etmek i\u00e7in kullan\u0131lan a\u011fdan ba\u011f\u0131ms\u0131z \u00e7ok i\u015flevli bir kalibrat\u00f6rd\u00fcr. Uygun bir fiyata y\u00fcksek d\u00fczeyde do\u011fruluk sunan bu kullan\u0131m\u0131 kolay kalibrat\u00f6r, elektriksel (mA, mV, V ve Hz cinsinden frekans) ve s\u0131cakl\u0131k (\u00b0C veya \u00b0F cinsinden) \u00e7\u0131k\u0131\u015f sinyalleri sa\u011flayarak kalibrat\u00f6r\u00fc \u00e7ok \u00e7e\u015fitli uygulamalarda kullan\u0131\u015fl\u0131 hale getirir.<\/p><p>Kalibrat\u00f6r ayr\u0131ca otomatik ad\u0131m ve rampa i\u015flevlerine sahiptir ve ok tu\u015flar\u0131n\u0131 kullanarak \u00e7\u0131k\u0131\u015f sinyali ad\u0131mlar\u0131n\u0131 (0 \u2026 100 %) \u00f6nceden se\u00e7me ve do\u011frudan bir \u00e7\u0131k\u0131\u015f de\u011feri (\u00f6rne\u011fin 13,8 mA) belirtme olana\u011f\u0131na sahiptir. Tu\u015f tak\u0131m\u0131 \u00fczerinden \u00e7al\u0131\u015ft\u0131rma \u00e7ok kolay ve sezgiseldir. PCE-123 \u00e7ok i\u015flevli kalibrat\u00f6r, herhangi bir elektronik at\u00f6lyesinde ve ticaret, end\u00fcstri ve otomasyondaki herhangi bir \u00f6l\u00e7\u00fcm ve kontrol b\u00f6l\u00fcm\u00fcnde \u00f6nemli bir ara\u00e7t\u0131r.<\/p><\/li><\/ul>\n\t\t\t\t\t<\/div>\n\t\t\t\t\t\t<\/div>\n\t\t\t\t<\/div>\n\t\t\t\t<\/div>\n\t\t<div class=\"elementor-element elementor-element-2136194 e-con-full e-flex e-con e-child\" data-id=\"2136194\" data-element_type=\"container\">\n\t\t\t\t<div class=\"elementor-element elementor-element-e17d3f0 elementor-widget elementor-widget-wd_image_or_svg\" data-id=\"e17d3f0\" data-element_type=\"widget\" data-widget_type=\"wd_image_or_svg.default\">\n\t\t\t\t<div class=\"elementor-widget-container\">\n\t\t\t\t\t\n\t\t<div class=\"wd-image text-center\">\n\t\t\t\t\t\t\t\t<img loading=\"lazy\" decoding=\"async\" width=\"603\" height=\"660\" src=\"https:\/\/akrekalonline.com\/wp-content\/uploads\/2021\/08\/sicaklikkalibrator1-pce123.jpg\" class=\"attachment-full size-full\" alt=\"\" srcset=\"https:\/\/akrekalonline.com\/wp-content\/uploads\/2021\/08\/sicaklikkalibrator1-pce123.jpg 603w, https:\/\/akrekalonline.com\/wp-content\/uploads\/2021\/08\/sicaklikkalibrator1-pce123-274x300.jpg 274w, https:\/\/akrekalonline.com\/wp-content\/uploads\/2021\/08\/sicaklikkalibrator1-pce123-430x471.jpg 430w, https:\/\/akrekalonline.com\/wp-content\/uploads\/2021\/08\/sicaklikkalibrator1-pce123-150x164.jpg 150w\" sizes=\"auto, (max-width: 603px) 100vw, 603px\" \/>\t\t\t\t\t<\/div>\n\n\t\t\t\t\t\t<\/div>\n\t\t\t\t<\/div>\n\t\t\t\t<\/div>\n\t\t\t\t\t<\/div>\n\t\t\t\t<\/div>\n\t\t\t\t<\/div>\n\t\t","protected":false},"excerpt":{"rendered":"<p>Standartla\u015ft\u0131r\u0131lm\u0131\u015f elektrik sinyallerinin \/ kontrol sinyallerinin ve frekanslar\u0131n ve s\u0131cakl\u0131\u011f\u0131n sim\u00fclasyonu ve \u00f6l\u00e7\u00fcm\u00fc i\u00e7in dijital, elektrik, ak\u0131m, voltaj veya proses kalibrat\u00f6r\u00fc, test cihaz\u0131 veya multimetre.<\/p>\n","protected":false},"featured_media":37007,"comment_status":"open","ping_status":"closed","template":"","meta":[],"product_brand":[123],"product_cat":[81],"product_tag":[],"class_list":{"0":"post-37024","1":"product","2":"type-product","3":"status-publish","4":"has-post-thumbnail","6":"product_brand-pce","7":"product_cat-sicaklik","9":"first","10":"instock","11":"sold-individually","12":"shipping-taxable","13":"product-type-simple"},"jetpack_sharing_enabled":true,"_links":{"self":[{"href":"https:\/\/akrekalonline.com\/index.php\/wp-json\/wp\/v2\/product\/37024","targetHints":{"allow":["GET"]}}],"collection":[{"href":"https:\/\/akrekalonline.com\/index.php\/wp-json\/wp\/v2\/product"}],"about":[{"href":"https:\/\/akrekalonline.com\/index.php\/wp-json\/wp\/v2\/types\/product"}],"replies":[{"embeddable":true,"href":"https:\/\/akrekalonline.com\/index.php\/wp-json\/wp\/v2\/comments?post=37024"}],"version-history":[{"count":22,"href":"https:\/\/akrekalonline.com\/index.php\/wp-json\/wp\/v2\/product\/37024\/revisions"}],"predecessor-version":[{"id":37098,"href":"https:\/\/akrekalonline.com\/index.php\/wp-json\/wp\/v2\/product\/37024\/revisions\/37098"}],"wp:featuredmedia":[{"embeddable":true,"href":"https:\/\/akrekalonline.com\/index.php\/wp-json\/wp\/v2\/media\/37007"}],"wp:attachment":[{"href":"https:\/\/akrekalonline.com\/index.php\/wp-json\/wp\/v2\/media?parent=37024"}],"wp:term":[{"taxonomy":"product_brand","embeddable":true,"href":"https:\/\/akrekalonline.com\/index.php\/wp-json\/wp\/v2\/product_brand?post=37024"},{"taxonomy":"product_cat","embeddable":true,"href":"https:\/\/akrekalonline.com\/index.php\/wp-json\/wp\/v2\/product_cat?post=37024"},{"taxonomy":"product_tag","embeddable":true,"href":"https:\/\/akrekalonline.com\/index.php\/wp-json\/wp\/v2\/product_tag?post=37024"}],"curies":[{"name":"wp","href":"https:\/\/api.w.org\/{rel}","templated":true}]}}