{"id":37091,"date":"2025-07-07T18:15:15","date_gmt":"2025-07-07T15:15:15","guid":{"rendered":"https:\/\/akrekalonline.com\/?post_type=product&#038;p=37091"},"modified":"2025-07-12T00:21:59","modified_gmt":"2025-07-11T21:21:59","slug":"mastercal-990-hart-iletisimci-dokumantasyon-kalibratoru","status":"publish","type":"product","link":"https:\/\/akrekalonline.com\/index.php\/urun\/mastercal-990-hart-iletisimci-dokumantasyon-kalibratoru\/","title":{"rendered":"MasterCal 990 HART \u0130leti\u015fimci\/D\u00f6k\u00fcmantasyon Kalibrat\u00f6r\u00fc"},"content":{"rendered":"<h1>MasterCal 990 HART \u0130leti\u015fimci\/D\u00f6k\u00fcmantasyon Kalibrat\u00f6r\u00fc<\/h1>\n<ul>\n<li data-start=\"118\" data-end=\"237\">\n<p data-start=\"120\" data-end=\"237\">Hassas \u00e7ok i\u015flevli kalibrat\u00f6r ve HART\u2122 yap\u0131land\u0131r\u0131c\u0131\/ileti\u015fim cihaz\u0131 tek bir elde ta\u015f\u0131nabilir enstr\u00fcmanda bir arada<\/p>\n<\/li>\n<li data-start=\"238\" data-end=\"337\">\n<p data-start=\"240\" data-end=\"337\">Termokupl, RTD, diren\u00e7 (ohm), DC ve AC gerilim, DC ak\u0131m, bas\u0131n\u00e7 ve frekans \u00f6l\u00e7me\/okuma \u00f6zelli\u011fi<\/p>\n<\/li>\n<li data-start=\"338\" data-end=\"435\">\n<p data-start=\"340\" data-end=\"435\">Termokupl, RTD, diren\u00e7, DC gerilim ve ak\u0131m, bas\u0131n\u00e7 ve frekans sinyallerini kaynak\/sim\u00fcle etme<\/p>\n<\/li>\n<li data-start=\"436\" data-end=\"525\">\n<p data-start=\"438\" data-end=\"525\">Ayn\u0131 anda giri\u015f ve \u00e7\u0131k\u0131\u015f de\u011ferlerini g\u00f6steren b\u00f6l\u00fcnm\u00fc\u015f ekran (split-screen) g\u00f6r\u00fcnt\u00fcs\u00fc<\/p>\n<\/li>\n<li data-start=\"526\" data-end=\"572\">\n<p data-start=\"528\" data-end=\"572\">Loop power (ak\u0131m d\u00f6ng\u00fcs\u00fc besleme) \u00f6zelli\u011fi<\/p>\n<\/li>\n<li data-start=\"573\" data-end=\"603\">\n<p data-start=\"575\" data-end=\"603\">Anahtar test fonksiyonlar\u0131<\/p>\n<\/li>\n<li data-start=\"604\" data-end=\"633\">\n<p data-start=\"606\" data-end=\"633\">Transmitter (verici) modu<\/p>\n<\/li>\n<li data-start=\"634\" data-end=\"692\">\n<p data-start=\"636\" data-end=\"692\">Otomatik ve kullan\u0131c\u0131 tan\u0131ml\u0131 kalibrasyon prosed\u00fcrleri<\/p>\n<\/li>\n<li data-start=\"693\" data-end=\"792\">\n<p data-start=\"695\" data-end=\"792\">M\u00fchendislik birimleri, \u00f6l\u00e7ek y\u00fczdesi, karekanunlu giri\u015fler veya \u00f6zel tan\u0131ml\u0131 birimlerle \u00e7al\u0131\u015fma<\/p>\n<\/li>\n<li data-start=\"793\" data-end=\"869\">\n<p data-start=\"795\" data-end=\"869\">\u00c7ok dilli aray\u00fcz: \u0130ngilizce, Frans\u0131zca, Almanca, \u0130talyanca ve \u0130spanyolca<\/p>\n<\/li>\n<li data-start=\"870\" data-end=\"943\">\n<p data-start=\"872\" data-end=\"943\">200&#215;240 piksel, beyaz arka ayd\u0131nlatmal\u0131, y\u00fcksek parlakl\u0131kta LCD ekran<\/p>\n<\/li>\n<li data-start=\"944\" data-end=\"1013\">\n<p data-start=\"946\" data-end=\"1013\">Saha kullan\u0131m\u0131 i\u00e7in sa\u011flam, poli\u00fcretan kapl\u0131 darbe emici muhafaza<\/p>\n<\/li>\n<li data-start=\"1014\" data-end=\"1111\">\n<p data-start=\"1016\" data-end=\"1111\">Bir\u00e7ok yayg\u0131n \u00fc\u00e7\u00fcnc\u00fc taraf yaz\u0131l\u0131m paketiyle kalibrasyon otomasyonu ve dok\u00fcmantasyonu deste\u011fi<\/p>\n<\/li>\n<li data-start=\"1112\" data-end=\"1210\">\n<p data-start=\"1114\" data-end=\"1210\">CAN\/CSA C22.2 No 1010.1-92, ANSI\/ISA S82.01-1994, UL3111 ve EN6101:1993 standartlar\u0131yla uyumlu<\/p>\n<\/li>\n<\/ul>\n<p>&nbsp;<\/p>\n","protected":false},"excerpt":{"rendered":"<p>Tek bir cihazda hassas \u00e7ok fonksiyonlu kalibrat\u00f6r ve HART ileti\u015fimcisi<br \/>\nTermokupl, RTD, Ohm, DC Voltaj\u0131 ve ak\u0131m\u0131, bas\u0131n\u00e7 ve frekans \u00f6l\u00e7\u00fcm\u00fc\/okumas\u0131<br \/>\nTermokupl, RTD, Ohm, DC Voltaj\u0131 ve ak\u0131m\u0131, bas\u0131n\u00e7 ve frekans kayna\u011f\u0131\/sim\u00fclasyonu<br \/>\n\u0130ngilizce, Frans\u0131zca, Almanca, \u0130talyanca ve \u0130spanyolca aray\u00fcz<br \/>\nPek \u00e7ok iyi bilinen yaz\u0131l\u0131m paketleri ile kalibrasyon otomasyon ve d\u00f6k\u00fcmantasyonu<br \/>\nKalibrasyon verileri ile NIST sertifikas\u0131 i\u00e7erir.<\/p>\n","protected":false},"featured_media":37013,"comment_status":"open","ping_status":"closed","template":"","meta":[],"product_brand":[125],"product_cat":[81],"product_tag":[],"class_list":{"0":"post-37091","1":"product","2":"type-product","3":"status-publish","4":"has-post-thumbnail","6":"product_brand-martel","7":"product_cat-sicaklik","9":"first","10":"instock","11":"shipping-taxable","12":"product-type-simple"},"jetpack_sharing_enabled":true,"_links":{"self":[{"href":"https:\/\/akrekalonline.com\/index.php\/wp-json\/wp\/v2\/product\/37091","targetHints":{"allow":["GET"]}}],"collection":[{"href":"https:\/\/akrekalonline.com\/index.php\/wp-json\/wp\/v2\/product"}],"about":[{"href":"https:\/\/akrekalonline.com\/index.php\/wp-json\/wp\/v2\/types\/product"}],"replies":[{"embeddable":true,"href":"https:\/\/akrekalonline.com\/index.php\/wp-json\/wp\/v2\/comments?post=37091"}],"version-history":[{"count":3,"href":"https:\/\/akrekalonline.com\/index.php\/wp-json\/wp\/v2\/product\/37091\/revisions"}],"predecessor-version":[{"id":37095,"href":"https:\/\/akrekalonline.com\/index.php\/wp-json\/wp\/v2\/product\/37091\/revisions\/37095"}],"wp:featuredmedia":[{"embeddable":true,"href":"https:\/\/akrekalonline.com\/index.php\/wp-json\/wp\/v2\/media\/37013"}],"wp:attachment":[{"href":"https:\/\/akrekalonline.com\/index.php\/wp-json\/wp\/v2\/media?parent=37091"}],"wp:term":[{"taxonomy":"product_brand","embeddable":true,"href":"https:\/\/akrekalonline.com\/index.php\/wp-json\/wp\/v2\/product_brand?post=37091"},{"taxonomy":"product_cat","embeddable":true,"href":"https:\/\/akrekalonline.com\/index.php\/wp-json\/wp\/v2\/product_cat?post=37091"},{"taxonomy":"product_tag","embeddable":true,"href":"https:\/\/akrekalonline.com\/index.php\/wp-json\/wp\/v2\/product_tag?post=37091"}],"curies":[{"name":"wp","href":"https:\/\/api.w.org\/{rel}","templated":true}]}}