{"id":37132,"date":"2025-07-08T21:27:55","date_gmt":"2025-07-08T18:27:55","guid":{"rendered":"https:\/\/akrekalonline.com\/?post_type=product&#038;p=37132"},"modified":"2025-07-08T21:33:33","modified_gmt":"2025-07-08T18:33:33","slug":"dasqua-6111-1310-kumpas-kalibrasyon-seti","status":"publish","type":"product","link":"https:\/\/akrekalonline.com\/index.php\/urun\/dasqua-6111-1310-kumpas-kalibrasyon-seti\/","title":{"rendered":"Dasqua 6111-1310 Kumpas Kalibrasyon Seti"},"content":{"rendered":"<h1>Dasqua 6111-1310 Kumpas Kalibrasyon Seti<\/h1>\n<ul>\n<li>\n<div>\u00a0-Kumpas kalibrasyon seti, kumpaslar gibi \u00f6l\u00e7\u00fcm aletlerinin do\u011frulu\u011funu test etmek ve kalibre etmek i\u00e7in kullan\u0131lan bir dizi referans bloktur. Bu setler, \u00f6l\u00e7\u00fcm aletlerinin belirli bir hassasiyet ve do\u011fruluk seviyesinde oldu\u011fundan emin olmak i\u00e7in gerekli olan kalibrasyon i\u015flemlerinde temel ara\u00e7lard\u0131r.<\/div>\n<div>&#8211; Kalibrasyon bloklar\u0131 genellikle a\u015f\u0131nmaya diren\u00e7li, termal stabiliteye sahip ve y\u00fcksek hassasiyetli malzemelerden yap\u0131lmaktad\u0131r. Bu \u00fcr\u00fcn paslanmaz \u00e7elikten \u00fcretilmi\u015ftir.<\/div>\n<div>&#8211; Kalibrasyon setleri, \u00f6l\u00e7\u00fcm cihazlar\u0131n\u0131n g\u00fcvenilirli\u011fini ve do\u011frulu\u011funu sa\u011flamak, hatal\u0131 \u00f6l\u00e7\u00fcmlerden kaynaklanabilecek maliyetleri azaltmak ve \u00fcr\u00fcn kalitesini art\u0131rmak i\u00e7in hayati \u00f6neme sahiptir.<\/div>\n<div>&#8211; Dasqua 6111-1310 kalibrasyon seti; grade 1 (1.kalite) s\u0131n\u0131ftand\u0131r.<\/div>\n<div>&#8211; Ta\u015f\u0131ma bloklar\u0131n\u0131 korumak i\u00e7in ah\u015fap ta\u015f\u0131ma kutusu bulunmaktad\u0131r.<\/div>\n<div>&#8211; Grade 1, genellikle y\u00fcksek do\u011fruluk gerektiren uygulamalar i\u00e7in kullan\u0131lan, nispeten d\u00fc\u015f\u00fck toleransl\u0131 \u00f6l\u00e7\u00fcm standartlar\u0131n\u0131 belirtir.<\/div>\n<div>&#8211; Grade 1 s\u0131n\u0131f\u0131n\u0131n kalibrasyon standartlar\u0131; laboratuvar ortamlar\u0131nda veya hassas m\u00fchendislik uygulamalar\u0131nda kullan\u0131lmak \u00fczere tasarlanm\u0131\u015ft\u0131r, burada en k\u00fc\u00e7\u00fck \u00f6l\u00e7\u00fcm hatalar\u0131 bile \u00f6nemli sonu\u00e7lar do\u011furabilir. Bu seviyedeki standartlar, \u00f6l\u00e7\u00fcm aletlerinin maksimum performans\u0131n\u0131 sa\u011flamak ve \u00f6l\u00e7\u00fcm hatalar\u0131n\u0131 minimize etmek amac\u0131yla y\u00fcksek kalitede \u00fcretilir.<\/div>\n<div>&#8211; Bu Kumpas kalibrasyon setinin i\u00e7inde bulunan her bir par\u00e7a DIN861&#8217;e g\u00f6re imal edilmi\u015ftir.<\/div>\n<div>&#8211; Her bir mastar blo\u011fu ve ayar halkas\u0131 farkl\u0131 \u00f6l\u00e7\u00fcleri temsil etmektedir.<\/div>\n<div>&#8211; Setin i\u00e7erisinde 3 adet k\u00f6\u015feli blok, 2 adet de halka \u015feklinde kalibrasyon par\u00e7as\u0131 bulunmaktad\u0131r.<\/div>\n<div>&#8211; Halka kalibrasyon \u00e7e\u015fitleri; 1 adet 20mm ve 1 adet 4 mm \u015feklindedir.<\/div>\n<div>&#8211; Blok kalibrasyon \u00e7e\u015fitleri; 1 adet 30mm , 1 adet 131.4mm ve 1 adet 41.3 mm&#8217;dir.<\/div>\n<\/li>\n<\/ul>\n<p><img loading=\"lazy\" decoding=\"async\" src=\"https:\/\/akrekalonline.com\/wp-content\/uploads\/2025\/07\/dasqua-6111.jpg\" sizes=\"auto, (max-width: 600px) 100vw, 600px\" srcset=\"https:\/\/akrekalonline.com\/wp-content\/uploads\/2025\/07\/dasqua-6111.jpg 600w, https:\/\/akrekalonline.com\/wp-content\/uploads\/2025\/07\/dasqua-6111-296x300.jpg 296w, https:\/\/akrekalonline.com\/wp-content\/uploads\/2025\/07\/dasqua-6111-430x436.jpg 430w, https:\/\/akrekalonline.com\/wp-content\/uploads\/2025\/07\/dasqua-6111-150x152.jpg 150w\" alt=\"\" width=\"600\" height=\"609\" \/><\/p>\n","protected":false},"excerpt":{"rendered":"<p>Dasqua 6111-1310 kumpas kalibrasyon seti; 5 par\u00e7a bloktan olu\u015fan, laboratuvar ortamlar\u0131nda veya hassas m\u00fchendislik uygulamalar\u0131nda kullan\u0131lmak \u00fczere tasarlanm\u0131\u015f, en k\u00fc\u00e7\u00fck \u00f6l\u00e7\u00fcm hatalar\u0131n\u0131 bile tespit edebilecek olan kalibrasyon setidir.<\/p>\n","protected":false},"featured_media":37131,"comment_status":"open","ping_status":"closed","template":"","meta":[],"product_brand":[127],"product_cat":[126],"product_tag":[],"class_list":{"0":"post-37132","1":"product","2":"type-product","3":"status-publish","4":"has-post-thumbnail","6":"product_brand-dasqua","7":"product_cat-kumpas-boyutsal","9":"first","10":"instock","11":"sold-individually","12":"shipping-taxable","13":"product-type-simple"},"jetpack_sharing_enabled":true,"_links":{"self":[{"href":"https:\/\/akrekalonline.com\/index.php\/wp-json\/wp\/v2\/product\/37132","targetHints":{"allow":["GET"]}}],"collection":[{"href":"https:\/\/akrekalonline.com\/index.php\/wp-json\/wp\/v2\/product"}],"about":[{"href":"https:\/\/akrekalonline.com\/index.php\/wp-json\/wp\/v2\/types\/product"}],"replies":[{"embeddable":true,"href":"https:\/\/akrekalonline.com\/index.php\/wp-json\/wp\/v2\/comments?post=37132"}],"version-history":[{"count":6,"href":"https:\/\/akrekalonline.com\/index.php\/wp-json\/wp\/v2\/product\/37132\/revisions"}],"predecessor-version":[{"id":37138,"href":"https:\/\/akrekalonline.com\/index.php\/wp-json\/wp\/v2\/product\/37132\/revisions\/37138"}],"wp:featuredmedia":[{"embeddable":true,"href":"https:\/\/akrekalonline.com\/index.php\/wp-json\/wp\/v2\/media\/37131"}],"wp:attachment":[{"href":"https:\/\/akrekalonline.com\/index.php\/wp-json\/wp\/v2\/media?parent=37132"}],"wp:term":[{"taxonomy":"product_brand","embeddable":true,"href":"https:\/\/akrekalonline.com\/index.php\/wp-json\/wp\/v2\/product_brand?post=37132"},{"taxonomy":"product_cat","embeddable":true,"href":"https:\/\/akrekalonline.com\/index.php\/wp-json\/wp\/v2\/product_cat?post=37132"},{"taxonomy":"product_tag","embeddable":true,"href":"https:\/\/akrekalonline.com\/index.php\/wp-json\/wp\/v2\/product_tag?post=37132"}],"curies":[{"name":"wp","href":"https:\/\/api.w.org\/{rel}","templated":true}]}}