{"id":37140,"date":"2025-07-08T21:35:18","date_gmt":"2025-07-08T18:35:18","guid":{"rendered":"https:\/\/akrekalonline.com\/?post_type=product&#038;p=37140"},"modified":"2025-07-18T16:03:06","modified_gmt":"2025-07-18T13:03:06","slug":"kontrol-cetveli-din-866-form-a","status":"publish","type":"product","link":"https:\/\/akrekalonline.com\/index.php\/urun\/kontrol-cetveli-din-866-form-a\/","title":{"rendered":"Kontrol Cetveli &#8211; DIN 866 Form A"},"content":{"rendered":"<h1>Kontrol Cetveli &#8211; DIN 866 Form A<\/h1>\n<ul>\n<li>Cetvellerde t\u00fcm y\u00fczeyler DIN normlar\u0131na g\u00f6re ta\u015flan\u0131r, \u00f6l\u00e7\u00fcm y\u00fczeyi ise ayr\u0131ca hassas olarak tekrar ta\u015flan\u0131r.<br \/>\nTaksimatlar iste\u011fe ba\u011fl\u0131 olarak grav\u00fcr veya lazer markalama olarak imal edilir.<br \/>\nTaksimatlar iste\u011fe ba\u011fl\u0131 olarak mm, 0,5mm, cm veya inch olarak \u00e7izilir.<br \/>\n\u00c7izgi y\u00fckseklikleri DIN normlara g\u00f6re \u00e7izilmektedir.<\/li>\n<\/ul>\n<p>&nbsp;<\/p>\n<ul>\n<li>Katalog \u00f6l\u00e7\u00fcleri, \u00fcr\u00fcnlerin bitmi\u015f \u00f6l\u00e7\u00fcleridir.Cetvelin \u00f6l\u00e7\u00fcm y\u00fczeylerine ili\u015fkin hassasiyet ve d\u00fczlemsellik tabloda g\u00f6sterildi\u011fi gibidir.<\/li>\n<\/ul>\n<h3 data-start=\"246\" data-end=\"285\">\ud83d\udccf <strong data-start=\"253\" data-end=\"285\">Cetvel (Form A) \u00dcr\u00fcn Tablosu<\/strong><\/h3>\n<div class=\"_tableContainer_80l1q_1\">\n<table>\n<tbody>\n<tr>\n<td width=\"120\"><strong>Stok Kodu<\/strong><\/td>\n<td width=\"150\"><strong>Stok<\/strong> <strong>Ad\u0131<\/strong><\/td>\n<td width=\"79\"><strong>Kalite<\/strong><\/td>\n<td width=\"90\"><strong>Norm<\/strong><\/td>\n<td width=\"186\"><strong>Malzeme Cinsi<\/strong><\/td>\n<td width=\"111\"><strong>Boy (mm)<\/strong><\/td>\n<td width=\"121\"><strong>Geni\u015flik (mm)<\/strong><\/td>\n<td width=\"134\"><strong>Kal\u0131nl\u0131k<\/strong> <strong>(mm)<\/strong><\/td>\n<td width=\"103\"><strong>A\u011f\u0131rl\u0131k (kg)<\/strong><\/td>\n<\/tr>\n<tr>\n<td width=\"120\">AKR10101000<\/td>\n<td width=\"150\">Cetvel (Form A)<\/td>\n<td width=\"79\">1.Kalite<\/td>\n<td width=\"90\">DIN 866<\/td>\n<td width=\"186\">Normal \u00c7elik<\/td>\n<td width=\"111\">1000<\/td>\n<td width=\"121\">40<\/td>\n<td width=\"134\">8<\/td>\n<td width=\"103\">2,5<\/td>\n<\/tr>\n<tr>\n<td width=\"120\">AKR10111000<\/td>\n<td width=\"150\">Cetvel (Form A)<\/td>\n<td width=\"79\">1.Kalite<\/td>\n<td width=\"90\">DIN 866<\/td>\n<td width=\"186\">Inox \u00c7elik<\/td>\n<td width=\"111\">1000<\/td>\n<td width=\"121\">40<\/td>\n<td width=\"134\">8<\/td>\n<td width=\"103\">2,5<\/td>\n<\/tr>\n<tr>\n<td width=\"120\">AKR10101500<\/td>\n<td width=\"150\">Cetvel (Form A)<\/td>\n<td width=\"79\">1.Kalite<\/td>\n<td width=\"90\">DIN 866<\/td>\n<td width=\"186\">Normal \u00c7elik<\/td>\n<td width=\"111\">1500<\/td>\n<td width=\"121\">40<\/td>\n<td width=\"134\">8<\/td>\n<td width=\"103\">3,7<\/td>\n<\/tr>\n<tr>\n<td width=\"120\">AKR10111500<\/td>\n<td width=\"150\">Cetvel (Form A)<\/td>\n<td width=\"79\">1.Kalite<\/td>\n<td width=\"90\">DIN 866<\/td>\n<td width=\"186\">Inox \u00c7elik<\/td>\n<td width=\"111\">1500<\/td>\n<td width=\"121\">40<\/td>\n<td width=\"134\">8<\/td>\n<td width=\"103\">3,7<\/td>\n<\/tr>\n<\/tbody>\n<\/table>\n<\/div>\n","protected":false},"excerpt":{"rendered":"<p>Cetvellerde t\u00fcm y\u00fczeyler DIN normlar\u0131na g\u00f6re ta\u015flan\u0131r, \u00f6l\u00e7\u00fcm y\u00fczeyi ise ayr\u0131ca hassas olarak tekrar ta\u015flan\u0131r.<br \/>\nTaksimatlar iste\u011fe ba\u011fl\u0131 olarak grav\u00fcr veya lazer markalama olarak imal edilir.<br \/>\nTaksimatlar iste\u011fe ba\u011fl\u0131 olarak mm, 0,5mm, cm veya inch olarak \u00e7izilir.<br \/>\n\u00c7izgi y\u00fckseklikleri DIN normlara g\u00f6re \u00e7izilmektedir.<br \/>\nKatalog \u00f6l\u00e7\u00fcleri, \u00fcr\u00fcnlerin bitmi\u015f \u00f6l\u00e7\u00fcleridir.<\/p>\n","protected":false},"featured_media":37141,"comment_status":"open","ping_status":"closed","template":"","meta":[],"product_brand":[],"product_cat":[126],"product_tag":[],"class_list":{"0":"post-37140","1":"product","2":"type-product","3":"status-publish","4":"has-post-thumbnail","6":"product_cat-kumpas-boyutsal","8":"first","9":"instock","10":"sold-individually","11":"shipping-taxable","12":"product-type-simple"},"jetpack_sharing_enabled":true,"_links":{"self":[{"href":"https:\/\/akrekalonline.com\/index.php\/wp-json\/wp\/v2\/product\/37140","targetHints":{"allow":["GET"]}}],"collection":[{"href":"https:\/\/akrekalonline.com\/index.php\/wp-json\/wp\/v2\/product"}],"about":[{"href":"https:\/\/akrekalonline.com\/index.php\/wp-json\/wp\/v2\/types\/product"}],"replies":[{"embeddable":true,"href":"https:\/\/akrekalonline.com\/index.php\/wp-json\/wp\/v2\/comments?post=37140"}],"version-history":[{"count":5,"href":"https:\/\/akrekalonline.com\/index.php\/wp-json\/wp\/v2\/product\/37140\/revisions"}],"predecessor-version":[{"id":37352,"href":"https:\/\/akrekalonline.com\/index.php\/wp-json\/wp\/v2\/product\/37140\/revisions\/37352"}],"wp:featuredmedia":[{"embeddable":true,"href":"https:\/\/akrekalonline.com\/index.php\/wp-json\/wp\/v2\/media\/37141"}],"wp:attachment":[{"href":"https:\/\/akrekalonline.com\/index.php\/wp-json\/wp\/v2\/media?parent=37140"}],"wp:term":[{"taxonomy":"product_brand","embeddable":true,"href":"https:\/\/akrekalonline.com\/index.php\/wp-json\/wp\/v2\/product_brand?post=37140"},{"taxonomy":"product_cat","embeddable":true,"href":"https:\/\/akrekalonline.com\/index.php\/wp-json\/wp\/v2\/product_cat?post=37140"},{"taxonomy":"product_tag","embeddable":true,"href":"https:\/\/akrekalonline.com\/index.php\/wp-json\/wp\/v2\/product_tag?post=37140"}],"curies":[{"name":"wp","href":"https:\/\/api.w.org\/{rel}","templated":true}]}}