{"id":37162,"date":"2025-07-08T23:52:30","date_gmt":"2025-07-08T20:52:30","guid":{"rendered":"https:\/\/akrekalonline.com\/?post_type=product&#038;p=37162"},"modified":"2025-07-23T01:01:06","modified_gmt":"2025-07-22T22:01:06","slug":"basinc-kalibrasyon-pompasi","status":"publish","type":"product","link":"https:\/\/akrekalonline.com\/index.php\/urun\/basinc-kalibrasyon-pompasi\/","title":{"rendered":"Bas\u0131n\u00e7 Kalibrasyon Pompas\u0131-30 BAR"},"content":{"rendered":"<h2 id=\"baslik\" class=\"theme-h2\">Verth 30 bar Bas\u0131n\u00e7 Kalibrasyon Pompas\u0131<\/h2>\n<ul>\n<li>\n<p data-start=\"383\" data-end=\"706\"><strong data-start=\"383\" data-end=\"416\">Verth P30 Bas\u0131n\u00e7 Test Pompas\u0131<\/strong>, mekanik ve elektronik bas\u0131n\u00e7 \u00f6l\u00e7\u00fcm cihazlar\u0131n\u0131n do\u011frulu\u011funu kontrol etmek, kalibre etmek ve test etmek i\u00e7in geli\u015ftirilmi\u015f <strong data-start=\"540\" data-end=\"565\">ta\u015f\u0131nabilir ve hassas<\/strong> bir cihazd\u0131r. Ayn\u0131 anda hem <strong data-start=\"594\" data-end=\"633\">bas\u0131n\u00e7 \u00fcretimi (0-40 bar \/ 580 psi)<\/strong> hem de <strong data-start=\"641\" data-end=\"683\">vakum olu\u015fturma (-0.95 bar \/ -28 inHg)<\/strong> \u00f6zelli\u011fine sahiptir.<\/p>\n<p data-start=\"708\" data-end=\"924\">Pratik kullan\u0131m\u0131 ve kompakt yap\u0131s\u0131 sayesinde saha kullan\u0131m\u0131, laboratuvarlar ve at\u00f6lyeler i\u00e7in olduk\u00e7a uygundur. \u00dczerindeki ince ayar vanas\u0131, y\u00fcksek hassasiyetli testlerin g\u00fcvenle ger\u00e7ekle\u015ftirilmesine olanak sa\u011flar.<\/p>\n<p data-start=\"926\" data-end=\"1195\">Referans cihaz ile test cihaz\u0131 aras\u0131ndaki bas\u0131n\u00e7 e\u015fitlemesi sayesinde do\u011fru ve kar\u015f\u0131la\u015ft\u0131r\u0131labilir \u00f6l\u00e7\u00fcmler yap\u0131labilir. Dayan\u0131kl\u0131 <strong data-start=\"1057\" data-end=\"1090\">al\u00fcminyum, pirin\u00e7, ABS ve NBR<\/strong> malzemelerden \u00fcretilmi\u015f olup, y\u00fcksek bas\u0131n\u00e7 uygulamalar\u0131nda bile hafifli\u011fi ve sa\u011flaml\u0131\u011f\u0131yla \u00f6ne \u00e7\u0131kar.<\/p>\n<\/li>\n<\/ul>\n","protected":false},"excerpt":{"rendered":"<p>Verth P30, ta\u015f\u0131nabilir yap\u0131s\u0131 ve hassas ayar \u00f6zelli\u011fiyle mekanik ve elektronik bas\u0131n\u00e7 cihazlar\u0131n\u0131n test ve kalibrasyonu i\u00e7in ideal bir bas\u0131n\u00e7 ve vakum test pompas\u0131d\u0131r.<\/p>\n","protected":false},"featured_media":37410,"comment_status":"open","ping_status":"closed","template":"","meta":[],"product_brand":[132],"product_cat":[131],"product_tag":[],"class_list":{"0":"post-37162","1":"product","2":"type-product","3":"status-publish","4":"has-post-thumbnail","6":"product_brand-verth","7":"product_cat-basinc-kalibrasyon","9":"first","10":"instock","11":"sold-individually","12":"shipping-taxable","13":"product-type-simple"},"jetpack_sharing_enabled":true,"_links":{"self":[{"href":"https:\/\/akrekalonline.com\/index.php\/wp-json\/wp\/v2\/product\/37162","targetHints":{"allow":["GET"]}}],"collection":[{"href":"https:\/\/akrekalonline.com\/index.php\/wp-json\/wp\/v2\/product"}],"about":[{"href":"https:\/\/akrekalonline.com\/index.php\/wp-json\/wp\/v2\/types\/product"}],"replies":[{"embeddable":true,"href":"https:\/\/akrekalonline.com\/index.php\/wp-json\/wp\/v2\/comments?post=37162"}],"version-history":[{"count":3,"href":"https:\/\/akrekalonline.com\/index.php\/wp-json\/wp\/v2\/product\/37162\/revisions"}],"predecessor-version":[{"id":37165,"href":"https:\/\/akrekalonline.com\/index.php\/wp-json\/wp\/v2\/product\/37162\/revisions\/37165"}],"wp:featuredmedia":[{"embeddable":true,"href":"https:\/\/akrekalonline.com\/index.php\/wp-json\/wp\/v2\/media\/37410"}],"wp:attachment":[{"href":"https:\/\/akrekalonline.com\/index.php\/wp-json\/wp\/v2\/media?parent=37162"}],"wp:term":[{"taxonomy":"product_brand","embeddable":true,"href":"https:\/\/akrekalonline.com\/index.php\/wp-json\/wp\/v2\/product_brand?post=37162"},{"taxonomy":"product_cat","embeddable":true,"href":"https:\/\/akrekalonline.com\/index.php\/wp-json\/wp\/v2\/product_cat?post=37162"},{"taxonomy":"product_tag","embeddable":true,"href":"https:\/\/akrekalonline.com\/index.php\/wp-json\/wp\/v2\/product_tag?post=37162"}],"curies":[{"name":"wp","href":"https:\/\/api.w.org\/{rel}","templated":true}]}}