{"id":37344,"date":"2025-07-18T14:51:24","date_gmt":"2025-07-18T11:51:24","guid":{"rendered":"https:\/\/akrekalonline.com\/?post_type=product&#038;p=37344"},"modified":"2025-07-18T15:01:20","modified_gmt":"2025-07-18T12:01:20","slug":"kalibrasyon-agirlik-seti-m3-10mg-100g-kadar-17-kutle-kiti","status":"publish","type":"product","link":"https:\/\/akrekalonline.com\/index.php\/urun\/kalibrasyon-agirlik-seti-m3-10mg-100g-kadar-17-kutle-kiti\/","title":{"rendered":"Kalibrasyon A\u011f\u0131rl\u0131k Seti M3 &#8211; 10mg-100g Kadar 17 K\u00fctle Kiti"},"content":{"rendered":"<h1>Kalibrasyon A\u011f\u0131rl\u0131k Seti M3 &#8211; 10mg-100g Kadar 17 K\u00fctle Kiti<\/h1>\n<ul>\n<li>\n<p data-start=\"286\" data-end=\"551\">Krom kapl\u0131 \u00e7elikten \u00fcretilen kalibrasyon k\u00fctleleri laboratuvar ve okullarda do\u011fru, hassas \u00f6l\u00e7\u00fcmlerin yap\u0131lmas\u0131n\u0131 sa\u011flamak i\u00e7in dijital terazilerin kalibre edilmesinde kullan\u0131l\u0131r.<\/p>\n<h4>\u00d6zellikleri<\/h4>\n<p>-Bu kalibrasyon a\u011f\u0131rl\u0131k seti toplam 17 adet a\u011f\u0131rl\u0131k i\u00e7erir; 1x10mg, 2x20mg, 1x50mg, 1x100mg, 2x200mg, 1x500mg, 1x1g, 2x2g, 1x5g, 1x10g, 2x20g, 1x50g, 1x100g ve 1 adet plastik penset<\/p>\n<p>-Bu a\u011f\u0131rl\u0131klar, korozyona direnebilen krom kapl\u0131 y\u00fczeyli, paslanmaz \u00e7elikten \u00fcretilmi\u015ftir. Krom kaplama a\u011f\u0131rl\u0131klar\u0131n zarar g\u00f6rmesini engeller ve uzun s\u00fcre kullan\u0131lmas\u0131n\u0131 sa\u011flar.<\/p>\n<p>-Y\u00fcksek do\u011fruluk ve hassas \u00f6l\u00e7\u00fcm garanti eder.<span lang=\"EN-US\">Ha<\/span>ta pay\u0131 -0,003 ila +0,003g aras\u0131ndad\u0131r.<\/p>\n<p>-Genel laboratuvar, ticari, deneysel, e\u011fitim ama\u00e7l\u0131 ve g\u00fcnl\u00fck ya\u015famda kullan\u0131ma uygundur.<\/p>\n<p>-\u00d6zel \u00c7antas\u0131 ile teslim edilmektedir.<\/p>\n<h3 data-start=\"0\" data-end=\"34\"><strong data-start=\"6\" data-end=\"34\">M3 S\u0131n\u0131f\u0131 A\u011f\u0131rl\u0131k Nedir?<\/strong><\/h3>\n<p data-start=\"36\" data-end=\"163\"><strong data-start=\"36\" data-end=\"42\">M3<\/strong>, OIML R 111 standard\u0131na g\u00f6re en geni\u015f toleransl\u0131 kalibrasyon a\u011f\u0131rl\u0131\u011f\u0131 s\u0131n\u0131flar\u0131ndan biridir.<\/p>\n<hr data-start=\"165\" data-end=\"168\" \/>\n<h3 data-start=\"170\" data-end=\"208\"><strong data-start=\"177\" data-end=\"208\">Teknik \u00d6zellikleri (Genel):<\/strong><\/h3>\n<ul data-start=\"210\" data-end=\"579\">\n<li data-start=\"210\" data-end=\"265\">\n<p data-start=\"212\" data-end=\"265\"><strong data-start=\"212\" data-end=\"234\">Hassasiyet d\u00fczeyi:<\/strong> En d\u00fc\u015f\u00fck do\u011frulu\u011fa sahiptir.<\/p>\n<\/li>\n<li data-start=\"266\" data-end=\"393\">\n<p data-start=\"268\" data-end=\"291\"><strong data-start=\"268\" data-end=\"289\">Tolerans (\u00f6rnek):<\/strong><\/p>\n<ul data-start=\"294\" data-end=\"393\">\n<li data-start=\"294\" data-end=\"356\">\n<p data-start=\"296\" data-end=\"356\">1 kg M3 a\u011f\u0131rl\u0131k i\u00e7in izin verilen maksimum hata: <strong data-start=\"345\" data-end=\"356\">\u00b1500 mg<\/strong><\/p>\n<\/li>\n<li data-start=\"359\" data-end=\"393\">\n<p data-start=\"361\" data-end=\"393\">10 kg i\u00e7in: <strong data-start=\"373\" data-end=\"393\">\u00b12500 mg (2,5 g)<\/strong><\/p>\n<\/li>\n<\/ul>\n<\/li>\n<li data-start=\"394\" data-end=\"483\">\n<p data-start=\"396\" data-end=\"483\"><strong data-start=\"396\" data-end=\"408\">Malzeme:<\/strong> Genellikle <strong data-start=\"420\" data-end=\"435\">d\u00f6kme demir<\/strong> veya d\u00fc\u015f\u00fck maliyetli metaller (\u00f6rne\u011fin \u00e7elik)<\/p>\n<\/li>\n<li data-start=\"484\" data-end=\"579\">\n<p data-start=\"486\" data-end=\"579\"><strong data-start=\"486\" data-end=\"505\">Y\u00fczey i\u015f\u00e7ili\u011fi:<\/strong> Parlakl\u0131k ve i\u015f\u00e7ilik seviyesi d\u00fc\u015f\u00fckt\u00fcr, \u00e7\u00fcnk\u00fc y\u00fcksek hassasiyet gerekmez.<\/p>\n<\/li>\n<\/ul>\n<hr data-start=\"581\" data-end=\"584\" \/>\n<h3 data-start=\"586\" data-end=\"615\"><strong data-start=\"593\" data-end=\"615\">Kullan\u0131m Alanlar\u0131:<\/strong><\/h3>\n<ul data-start=\"617\" data-end=\"813\">\n<li data-start=\"617\" data-end=\"654\">\n<p data-start=\"619\" data-end=\"654\"><strong data-start=\"619\" data-end=\"654\">T<\/strong>icari terazilerin kalibrasyonu<\/p>\n<\/li>\n<li data-start=\"655\" data-end=\"699\">\n<p data-start=\"657\" data-end=\"699\">Market, pazar ve sanayi tipi bask\u00fcller<\/p>\n<\/li>\n<li data-start=\"700\" data-end=\"750\">\n<p data-start=\"702\" data-end=\"750\">Hassasiyet gerektirmeyen tart\u0131m uygulamalar\u0131<\/p>\n<\/li>\n<li data-start=\"751\" data-end=\"813\">\n<p data-start=\"753\" data-end=\"813\">Orta ve d\u00fc\u015f\u00fck hassasiyetli s\u0131n\u0131flar i\u00e7in referans olarak<\/p>\n<\/li>\n<\/ul>\n<\/li>\n<\/ul>\n<p>&nbsp;<\/p>\n","protected":false},"excerpt":{"rendered":"<p>Krom kapl\u0131 \u00e7elikten \u00fcretilen kalibrasyon k\u00fctleleri laboratuvar ve okullarda do\u011fru, hassas \u00f6l\u00e7\u00fcmlerin yap\u0131lmas\u0131n\u0131 sa\u011flamak i\u00e7in dijital terazilerin kalibre edilmesinde kullan\u0131l\u0131r.<\/p>\n","protected":false},"featured_media":37345,"comment_status":"open","ping_status":"closed","template":"","meta":[],"product_brand":[130],"product_cat":[129],"product_tag":[],"class_list":{"0":"post-37344","1":"product","2":"type-product","3":"status-publish","4":"has-post-thumbnail","6":"product_brand-borox","7":"product_cat-agirlik-terazi","9":"first","10":"instock","11":"sold-individually","12":"shipping-taxable","13":"product-type-simple"},"jetpack_sharing_enabled":true,"_links":{"self":[{"href":"https:\/\/akrekalonline.com\/index.php\/wp-json\/wp\/v2\/product\/37344","targetHints":{"allow":["GET"]}}],"collection":[{"href":"https:\/\/akrekalonline.com\/index.php\/wp-json\/wp\/v2\/product"}],"about":[{"href":"https:\/\/akrekalonline.com\/index.php\/wp-json\/wp\/v2\/types\/product"}],"replies":[{"embeddable":true,"href":"https:\/\/akrekalonline.com\/index.php\/wp-json\/wp\/v2\/comments?post=37344"}],"version-history":[{"count":1,"href":"https:\/\/akrekalonline.com\/index.php\/wp-json\/wp\/v2\/product\/37344\/revisions"}],"predecessor-version":[{"id":37349,"href":"https:\/\/akrekalonline.com\/index.php\/wp-json\/wp\/v2\/product\/37344\/revisions\/37349"}],"wp:featuredmedia":[{"embeddable":true,"href":"https:\/\/akrekalonline.com\/index.php\/wp-json\/wp\/v2\/media\/37345"}],"wp:attachment":[{"href":"https:\/\/akrekalonline.com\/index.php\/wp-json\/wp\/v2\/media?parent=37344"}],"wp:term":[{"taxonomy":"product_brand","embeddable":true,"href":"https:\/\/akrekalonline.com\/index.php\/wp-json\/wp\/v2\/product_brand?post=37344"},{"taxonomy":"product_cat","embeddable":true,"href":"https:\/\/akrekalonline.com\/index.php\/wp-json\/wp\/v2\/product_cat?post=37344"},{"taxonomy":"product_tag","embeddable":true,"href":"https:\/\/akrekalonline.com\/index.php\/wp-json\/wp\/v2\/product_tag?post=37344"}],"curies":[{"name":"wp","href":"https:\/\/api.w.org\/{rel}","templated":true}]}}