{"id":37371,"date":"2025-07-21T18:16:38","date_gmt":"2025-07-21T15:16:38","guid":{"rendered":"https:\/\/akrekalonline.com\/?post_type=product&#038;p=37371"},"modified":"2025-07-21T23:54:35","modified_gmt":"2025-07-21T20:54:35","slug":"kalinlik-olcu-mastari","status":"publish","type":"product","link":"https:\/\/akrekalonline.com\/index.php\/urun\/kalinlik-olcu-mastari\/","title":{"rendered":"Tekil \u00c7elik Blok Mastar"},"content":{"rendered":"<ul>\n<li style=\"list-style-type: none;\">\n<h1>Tekil \u00c7elik Blok Mastar<\/h1>\n<h3 data-start=\"140\" data-end=\"201\">\u2013 \u00dcr\u00fcn A\u00e7\u0131klamas\u0131<\/h3>\n<p data-start=\"203\" data-end=\"432\">Tekil \u00c7elik Blok Mastar, dar aral\u0131klarda bo\u015fluk ve a\u00e7\u0131kl\u0131k \u00f6l\u00e7\u00fcmlerini hassas \u015fekilde yapmak i\u00e7in kullan\u0131lan\u00a0 \u00f6l\u00e7\u00fcm arac\u0131d\u0131r.<\/p>\n<p data-start=\"434\" data-end=\"461\"><strong data-start=\"437\" data-end=\"459\">Kullan\u0131m Alanlar\u0131:<\/strong><\/p>\n<ul data-start=\"462\" data-end=\"595\">\n<li data-start=\"462\" data-end=\"493\">\n<p data-start=\"464\" data-end=\"493\">Makine bak\u0131m ve ayarlar\u0131nda<\/p>\n<\/li>\n<li data-start=\"494\" data-end=\"526\">\n<p data-start=\"496\" data-end=\"526\">Motor supap aral\u0131k \u00f6l\u00e7\u00fcm\u00fcnde<\/p>\n<\/li>\n<li data-start=\"527\" data-end=\"556\">\n<p data-start=\"529\" data-end=\"556\">Kal\u0131p ve pres kontrol\u00fcnde<\/p>\n<\/li>\n<li data-start=\"557\" data-end=\"595\">\n<p data-start=\"559\" data-end=\"595\">Ar-Ge ve kalite kontrol birimlerinde<\/p>\n<\/li>\n<\/ul>\n<\/li>\n<\/ul>\n","protected":false},"excerpt":{"rendered":"<p>Kal\u0131nl\u0131k \u00f6l\u00e7\u00fc mastar\u0131, dar aral\u0131klarda bo\u015fluk ve a\u00e7\u0131kl\u0131k \u00f6l\u00e7\u00fcmlerini hassas \u015fekilde yapmak i\u00e7in kullan\u0131lan \u00e7ok yaprakl\u0131 \u00f6l\u00e7\u00fcm arac\u0131d\u0131r. Genellikle metal yapraklardan olu\u015fur ve her yapra\u011f\u0131n \u00fczerinde kal\u0131nl\u0131k de\u011feri belirtilmi\u015ftir.<\/p>\n","protected":false},"featured_media":37374,"comment_status":"open","ping_status":"closed","template":"","meta":[],"product_brand":[134],"product_cat":[126],"product_tag":[],"class_list":{"0":"post-37371","1":"product","2":"type-product","3":"status-publish","4":"has-post-thumbnail","6":"product_brand-accud","7":"product_cat-kumpas-boyutsal","9":"first","10":"instock","11":"sold-individually","12":"shipping-taxable","13":"purchasable","14":"product-type-variable"},"jetpack_sharing_enabled":true,"_links":{"self":[{"href":"https:\/\/akrekalonline.com\/index.php\/wp-json\/wp\/v2\/product\/37371","targetHints":{"allow":["GET"]}}],"collection":[{"href":"https:\/\/akrekalonline.com\/index.php\/wp-json\/wp\/v2\/product"}],"about":[{"href":"https:\/\/akrekalonline.com\/index.php\/wp-json\/wp\/v2\/types\/product"}],"replies":[{"embeddable":true,"href":"https:\/\/akrekalonline.com\/index.php\/wp-json\/wp\/v2\/comments?post=37371"}],"version-history":[{"count":4,"href":"https:\/\/akrekalonline.com\/index.php\/wp-json\/wp\/v2\/product\/37371\/revisions"}],"predecessor-version":[{"id":37381,"href":"https:\/\/akrekalonline.com\/index.php\/wp-json\/wp\/v2\/product\/37371\/revisions\/37381"}],"wp:featuredmedia":[{"embeddable":true,"href":"https:\/\/akrekalonline.com\/index.php\/wp-json\/wp\/v2\/media\/37374"}],"wp:attachment":[{"href":"https:\/\/akrekalonline.com\/index.php\/wp-json\/wp\/v2\/media?parent=37371"}],"wp:term":[{"taxonomy":"product_brand","embeddable":true,"href":"https:\/\/akrekalonline.com\/index.php\/wp-json\/wp\/v2\/product_brand?post=37371"},{"taxonomy":"product_cat","embeddable":true,"href":"https:\/\/akrekalonline.com\/index.php\/wp-json\/wp\/v2\/product_cat?post=37371"},{"taxonomy":"product_tag","embeddable":true,"href":"https:\/\/akrekalonline.com\/index.php\/wp-json\/wp\/v2\/product_tag?post=37371"}],"curies":[{"name":"wp","href":"https:\/\/api.w.org\/{rel}","templated":true}]}}