{"id":37395,"date":"2025-07-22T08:53:42","date_gmt":"2025-07-22T05:53:42","guid":{"rendered":"https:\/\/akrekalonline.com\/?post_type=product&#038;p=37395"},"modified":"2025-07-22T08:54:27","modified_gmt":"2025-07-22T05:54:27","slug":"m1-kalibrasyon-kutlesi-5kg-dokme-demir-etalon-agirlik","status":"publish","type":"product","link":"https:\/\/akrekalonline.com\/index.php\/urun\/m1-kalibrasyon-kutlesi-5kg-dokme-demir-etalon-agirlik\/","title":{"rendered":"M1 Kalibrasyon K\u00fctlesi 5KG -D\u00f6kme Demir Etalon A\u011f\u0131rl\u0131k"},"content":{"rendered":"<h1>M1 Kalibrasyon K\u00fctlesi 5KG -D\u00f6kme Demir Etalon A\u011f\u0131rl\u0131k<\/h1>\n<ul>\n<li>\n<p data-start=\"338\" data-end=\"665\">Bu 5 kg\u2019l\u0131k M1 s\u0131n\u0131f\u0131 kalibrasyon k\u00fctlesi, tart\u0131m cihazlar\u0131n\u0131n do\u011frulu\u011funu kontrol etmek ve kalibrasyonunu sa\u011flamak i\u00e7in \u00fcretilmi\u015ftir. Y\u00fcksek kaliteli d\u00f6kme demirden \u00fcretilmi\u015f olup, y\u00fczeyi oksitlenmeye kar\u015f\u0131 koruyucu boya ile kaplanm\u0131\u015ft\u0131r. M1 s\u0131n\u0131f\u0131, ticari ve end\u00fcstriyel terazilerin kalibrasyonunda yayg\u0131n olarak kullan\u0131l\u0131r.<\/p>\n<\/li>\n<li>Sertifika \u0130sterseniz Bizimle \u0130leti\u015fime Ge\u00e7ebilirsiniz<\/li>\n<\/ul>\n<p>&nbsp;<\/p>\n","protected":false},"excerpt":{"rendered":"<p data-start=\"198\" data-end=\"301\">5 kg M1 s\u0131n\u0131f\u0131 d\u00f6kme demir kalibrasyon k\u00fctlesi, hassas tart\u0131m cihazlar\u0131n\u0131n kalibrasyonu i\u00e7in uygundur.<\/p>\n","protected":false},"featured_media":37391,"comment_status":"open","ping_status":"closed","template":"","meta":[],"product_brand":[130],"product_cat":[129],"product_tag":[],"class_list":{"0":"post-37395","1":"product","2":"type-product","3":"status-publish","4":"has-post-thumbnail","6":"product_brand-borox","7":"product_cat-agirlik-terazi","9":"first","10":"instock","11":"sold-individually","12":"shipping-taxable","13":"product-type-simple"},"jetpack_sharing_enabled":true,"_links":{"self":[{"href":"https:\/\/akrekalonline.com\/index.php\/wp-json\/wp\/v2\/product\/37395","targetHints":{"allow":["GET"]}}],"collection":[{"href":"https:\/\/akrekalonline.com\/index.php\/wp-json\/wp\/v2\/product"}],"about":[{"href":"https:\/\/akrekalonline.com\/index.php\/wp-json\/wp\/v2\/types\/product"}],"replies":[{"embeddable":true,"href":"https:\/\/akrekalonline.com\/index.php\/wp-json\/wp\/v2\/comments?post=37395"}],"version-history":[{"count":1,"href":"https:\/\/akrekalonline.com\/index.php\/wp-json\/wp\/v2\/product\/37395\/revisions"}],"predecessor-version":[{"id":37396,"href":"https:\/\/akrekalonline.com\/index.php\/wp-json\/wp\/v2\/product\/37395\/revisions\/37396"}],"wp:featuredmedia":[{"embeddable":true,"href":"https:\/\/akrekalonline.com\/index.php\/wp-json\/wp\/v2\/media\/37391"}],"wp:attachment":[{"href":"https:\/\/akrekalonline.com\/index.php\/wp-json\/wp\/v2\/media?parent=37395"}],"wp:term":[{"taxonomy":"product_brand","embeddable":true,"href":"https:\/\/akrekalonline.com\/index.php\/wp-json\/wp\/v2\/product_brand?post=37395"},{"taxonomy":"product_cat","embeddable":true,"href":"https:\/\/akrekalonline.com\/index.php\/wp-json\/wp\/v2\/product_cat?post=37395"},{"taxonomy":"product_tag","embeddable":true,"href":"https:\/\/akrekalonline.com\/index.php\/wp-json\/wp\/v2\/product_tag?post=37395"}],"curies":[{"name":"wp","href":"https:\/\/api.w.org\/{rel}","templated":true}]}}