{"id":37400,"date":"2025-07-23T00:41:20","date_gmt":"2025-07-22T21:41:20","guid":{"rendered":"https:\/\/akrekalonline.com\/?post_type=product&#038;p=37400"},"modified":"2025-07-23T00:55:44","modified_gmt":"2025-07-22T21:55:44","slug":"lr-cal-lsp-1200-h-hidrolik-basinc-kalibratoru","status":"publish","type":"product","link":"https:\/\/akrekalonline.com\/index.php\/urun\/lr-cal-lsp-1200-h-hidrolik-basinc-kalibratoru\/","title":{"rendered":"LR-Cal LSP 1200-H Hidrolik Bas\u0131n\u00e7 Kalibrat\u00f6r\u00fc"},"content":{"rendered":"<h2 id=\"baslik\" class=\"theme-h2\">LR-Cal LSP 1200-H Hidrolik Bas\u0131n\u00e7 Kalibrat\u00f6r\u00fc<\/h2>\n<ul>\n<li><span>LR-Cal LSP 1200-H bas\u0131n\u00e7 kar\u015f\u0131la\u015ft\u0131rma test pompas\u0131, her t\u00fcrl\u00fc mekanik ve elektronik bas\u0131n\u00e7 \u00f6l\u00e7\u00fcm cihaz\u0131n\u0131n kar\u015f\u0131la\u015ft\u0131rmal\u0131 \u00f6l\u00e7\u00fcmler yoluyla kontrol edilmesi, ayarlanmas\u0131 ve kalibre edilmesi i\u00e7in bas\u0131n\u00e7 olu\u015fturmak amac\u0131yla kullan\u0131l\u0131r. Bu bas\u0131n\u00e7 testleri laboratuvar veya at\u00f6lyede sabit olarak yap\u0131labilece\u011fi gibi, sahada \u00f6l\u00e7\u00fcm noktas\u0131nda da ger\u00e7ekle\u015ftirilebilir.<\/span>\n<p><span>Test edilecek bas\u0131n\u00e7 g\u00f6stergesi ve yeterince hassas bir referans bas\u0131n\u00e7 g\u00f6stergesi LR-Cal LSP 1200-H bas\u0131n\u00e7 kar\u015f\u0131la\u015ft\u0131rma test pompas\u0131na ba\u011flan\u0131rsa, pompa \u00e7al\u0131\u015ft\u0131r\u0131ld\u0131\u011f\u0131nda her iki g\u00f6stergeye de ayn\u0131 bas\u0131n\u00e7 uygulan\u0131r. \u00d6l\u00e7\u00fclen iki de\u011fer herhangi bir bas\u0131n\u00e7 de\u011ferinde kar\u015f\u0131la\u015ft\u0131r\u0131larak, \u00f6l\u00e7\u00fcm do\u011frulu\u011fu kontrol edilebilir veya test edilecek bas\u0131n\u00e7 g\u00f6stergesi ayarlanabilir.<\/span><\/p>\n<p><span>\u00d6l\u00e7\u00fcm noktalar\u0131na hassas bir \u015fekilde yakla\u015fmak i\u00e7in, bas\u0131n\u00e7 kar\u015f\u0131la\u015ft\u0131rma test cihaz\u0131 (mil pompas\u0131) LR-Cal LSP 1200-H, hassas bir \u015fekilde \u00e7al\u0131\u015ft\u0131r\u0131lan bir mil \u00e7ark\u0131 ile donat\u0131lm\u0131\u015ft\u0131r. Cihaz, yaln\u0131zca pompa g\u00f6vdesinin i\u00e7inde d\u00f6nen bir mil ile karakterize edilir, b\u00f6ylece d\u00f6nd\u00fcr\u00fclm\u00fc\u015f bir mil \u00fczerindeki dezavantajl\u0131 bir e\u011filme momenti ortadan kald\u0131r\u0131l\u0131r ve \u00f6zellikle mobil kullan\u0131m i\u00e7in, bas\u0131n\u00e7 kar\u015f\u0131la\u015ft\u0131rma test pompas\u0131n\u0131n boyutunun \u00e7al\u0131\u015fma s\u0131ras\u0131nda milin d\u00f6nd\u00fcr\u00fclmesiyle de\u011fi\u015fmemesi avantaj\u0131 da vard\u0131r. LR-Cal LSP 1200-H bas\u0131n\u00e7 kar\u015f\u0131la\u015ft\u0131rma test cihaz\u0131 yaln\u0131zca \u00e7ok az miktarda kuvvet gerektirir.<\/span><\/p>\n<p><span>\u00c7al\u0131\u015fma ortam\u0131n\u0131n kirlenme riskini \u00f6nemli \u00f6l\u00e7\u00fcde azaltmak i\u00e7in pompa, bas\u0131n\u00e7 ba\u011flant\u0131lar\u0131nda ve hazne taban\u0131nda koruyucu filtrelerle donat\u0131lm\u0131\u015ft\u0131r. (Not: Ya\u011f ile \u00e7al\u0131\u015f\u0131rken haznedeki kir s\u00fczgeci \u00e7\u0131kar\u0131lmal\u0131d\u0131r).<\/span><\/li>\n<\/ul>\n","protected":false},"excerpt":{"rendered":"<p>1.200 bar\u2019a kadar \u00e7\u0131kabilen hassas hidrolik bas\u0131n\u00e7 kalibrat\u00f6r\u00fc; laboratuvar, at\u00f6lye ve saha kalibrasyonlar\u0131 i\u00e7in idealdir.<\/p>\n<ul>\n<li><span>Manuel mil pompas\u0131<\/span><\/li>\n<li><span>Hidrolik (ya\u011fl\u0131 veya sulu)<\/span><\/li>\n<li><span>1.000 bara (14.500 psi) kadar test bas\u0131nc\u0131 \u00fcretimi<\/span><\/li>\n<li><span>Basit \u00fcretim, hassas ince ayar<\/span><\/li>\n<\/ul>\n","protected":false},"featured_media":37404,"comment_status":"open","ping_status":"closed","template":"","meta":[],"product_brand":[136],"product_cat":[131],"product_tag":[],"class_list":{"0":"post-37400","1":"product","2":"type-product","3":"status-publish","4":"has-post-thumbnail","6":"product_brand-ltr","7":"product_cat-basinc-kalibrasyon","9":"first","10":"instock","11":"sold-individually","12":"shipping-taxable","13":"product-type-simple"},"jetpack_sharing_enabled":true,"_links":{"self":[{"href":"https:\/\/akrekalonline.com\/index.php\/wp-json\/wp\/v2\/product\/37400","targetHints":{"allow":["GET"]}}],"collection":[{"href":"https:\/\/akrekalonline.com\/index.php\/wp-json\/wp\/v2\/product"}],"about":[{"href":"https:\/\/akrekalonline.com\/index.php\/wp-json\/wp\/v2\/types\/product"}],"replies":[{"embeddable":true,"href":"https:\/\/akrekalonline.com\/index.php\/wp-json\/wp\/v2\/comments?post=37400"}],"version-history":[{"count":3,"href":"https:\/\/akrekalonline.com\/index.php\/wp-json\/wp\/v2\/product\/37400\/revisions"}],"predecessor-version":[{"id":37408,"href":"https:\/\/akrekalonline.com\/index.php\/wp-json\/wp\/v2\/product\/37400\/revisions\/37408"}],"wp:featuredmedia":[{"embeddable":true,"href":"https:\/\/akrekalonline.com\/index.php\/wp-json\/wp\/v2\/media\/37404"}],"wp:attachment":[{"href":"https:\/\/akrekalonline.com\/index.php\/wp-json\/wp\/v2\/media?parent=37400"}],"wp:term":[{"taxonomy":"product_brand","embeddable":true,"href":"https:\/\/akrekalonline.com\/index.php\/wp-json\/wp\/v2\/product_brand?post=37400"},{"taxonomy":"product_cat","embeddable":true,"href":"https:\/\/akrekalonline.com\/index.php\/wp-json\/wp\/v2\/product_cat?post=37400"},{"taxonomy":"product_tag","embeddable":true,"href":"https:\/\/akrekalonline.com\/index.php\/wp-json\/wp\/v2\/product_tag?post=37400"}],"curies":[{"name":"wp","href":"https:\/\/api.w.org\/{rel}","templated":true}]}}