{"id":37426,"date":"2025-08-18T10:37:13","date_gmt":"2025-08-18T07:37:13","guid":{"rendered":"https:\/\/akrekalonline.com\/?post_type=product&#038;p=37426"},"modified":"2025-08-18T11:55:43","modified_gmt":"2025-08-18T08:55:43","slug":"ayar-vanali-samandirali-debimetre","status":"publish","type":"product","link":"https:\/\/akrekalonline.com\/index.php\/urun\/ayar-vanali-samandirali-debimetre\/","title":{"rendered":"Ayar Vanal\u0131 \u015eamand\u0131ral\u0131 Debimetre"},"content":{"rendered":"<h3>Ayar Vanal\u0131 \u015eamand\u0131ral\u0131 Debimetre<\/h3>\n<ul>\n<li>\n<div>Bu t\u00fcr debimetreler s\u0131v\u0131 ve gaz ak\u0131\u015fkanlar\u0131n anl\u0131k ak\u0131\u015f\u0131n\u0131 tespit etmek i\u00e7in kullan\u0131l\u0131r.<\/div>\n<\/li>\n<li>Polipropilen g\u00f6vdeli olup,\u00a0 hatta dik olarak ba\u011flanarak ak\u0131\u015f\u0131n a\u015fa\u011f\u0131dan yukar\u0131ya ge\u00e7mesiyle s\u00fcrt\u00fcnme olmaks\u0131z\u0131n serbest\u00e7e hareket eden \u015famand\u0131ra, ak\u0131\u015fkan taraf\u0131ndan itilerek konum de\u011fi\u015ftirir. Bu de\u011fi\u015fim ak\u0131\u015f oran\u0131, \u015famand\u0131ran\u0131n a\u011f\u0131rl\u0131\u011f\u0131 ile ak\u0131\u015fkan\u0131n yo\u011funlu\u011fu ve viskozitesine ba\u011fl\u0131d\u0131r. Ayar vanas\u0131 sayesinde hassas debi ayar\u0131 yap\u0131lmas\u0131na olanak sa\u011flar.<\/li>\n<li>Ayar Vanal\u0131 \u015eamand\u0131ral\u0131 Debimetreler,d\u00fc\u015f\u00fck maliyetli ve basit ak\u0131\u015f \u00f6l\u00e7\u00fcm\u00fc gerektiren uygulamalar i\u00e7in ideal \u00e7\u00f6z\u00fcmd\u00fcr. Su ve \u00e7e\u015fitli s\u0131v\u0131lar\u0131n debi takibinde g\u00fcvenle kullan\u0131l\u0131r. Ar\u0131tma, makine imalat\u0131, geri d\u00f6n\u00fc\u015f\u00fcm, \u0131s\u0131l i\u015flem, test \u00fcniteleri ve kimya end\u00fcstrisi gibi bir\u00e7ok alanda yayg\u0131n olarak kullan\u0131l\u0131r. Bu sekt\u00f6rlerde hassas ak\u0131\u015f \u00f6l\u00e7\u00fcm\u00fc ve g\u00fcvenilir proses kontrol\u00fc i\u00e7in tercih edilir.<\/li>\n<\/ul>\n<p><img loading=\"lazy\" decoding=\"async\" class=\"alignnone wp-image-37428\" src=\"https:\/\/akrekalonline.com\/wp-content\/uploads\/2025\/08\/GRI1584-300x300.png\" alt=\"\" width=\"230\" height=\"230\" srcset=\"https:\/\/akrekalonline.com\/wp-content\/uploads\/2025\/08\/GRI1584-300x300.png 300w, https:\/\/akrekalonline.com\/wp-content\/uploads\/2025\/08\/GRI1584-150x150.png 150w, https:\/\/akrekalonline.com\/wp-content\/uploads\/2025\/08\/GRI1584-430x430.png 430w, https:\/\/akrekalonline.com\/wp-content\/uploads\/2025\/08\/GRI1584.png 500w\" sizes=\"auto, (max-width: 230px) 100vw, 230px\" \/><\/p>\n<table style=\"height: 2684px;\" width=\"819\">\n<tbody>\n<tr>\n<td width=\"134\">\u00dcr\u00fcn Kodu<\/td>\n<td width=\"106\">\u00d6l\u00e7\u00fcm Aral\u0131\u011f\u0131<\/td>\n<td width=\"64\">Ortam<\/td>\n<td width=\"124\">Ba\u011flant\u0131<\/td>\n<\/tr>\n<tr>\n<td>AKRKL-LZM-4T-A01<\/td>\n<td>0,05-0,5 Lt.\/Dk<\/td>\n<td>Hava<\/td>\n<td>Klips (6mm Hortum)<\/td>\n<\/tr>\n<tr>\n<td>AKRKL-LZM-4T-A02<\/td>\n<td>0,1-1 Lt.\/Dk<\/td>\n<td>Hava<\/td>\n<td>Klips (6mm Hortum)<\/td>\n<\/tr>\n<tr>\n<td>AKRKL-LZM-4T-A03<\/td>\n<td>0,2-2 Lt.\/Dk<\/td>\n<td>Hava<\/td>\n<td>Klips (6mm Hortum)<\/td>\n<\/tr>\n<tr>\n<td>AKRKL-LZM-4T-A04<\/td>\n<td>1-5 Lt.\/Dk<\/td>\n<td>Hava<\/td>\n<td>Klips (6mm Hortum)<\/td>\n<\/tr>\n<tr>\n<td>AKRKL-LZM-4T-A05<\/td>\n<td>0,6-6 Lt.\/Dk<\/td>\n<td>Hava<\/td>\n<td>Klips (6mm Hortum)<\/td>\n<\/tr>\n<tr>\n<td>AKRKL-LZM-4T-A06<\/td>\n<td>1-12 Lt.\/Dk<\/td>\n<td>Hava<\/td>\n<td>Klips (6mm Hortum)<\/td>\n<\/tr>\n<tr>\n<td>AKRKL-LZM-6T-A01<\/td>\n<td>0,1-1,5 Lt.\/Dk<\/td>\n<td>Hava<\/td>\n<td>1\/4 &#8221; Di\u015fli<\/td>\n<\/tr>\n<tr>\n<td>AKRKL-LZM-6T-A02<\/td>\n<td>0,3-3 Lt.\/Dk<\/td>\n<td>Hava<\/td>\n<td>1\/4 &#8221; Di\u015fli<\/td>\n<\/tr>\n<tr>\n<td>AKRKL-LZM-6T-A03<\/td>\n<td>0,5-5 Lt.\/Dk<\/td>\n<td>Hava<\/td>\n<td>1\/4 &#8221; Di\u015fli<\/td>\n<\/tr>\n<tr>\n<td>AKRKL-LZM-6T-A04<\/td>\n<td>0,5-8 Lt.\/Dk<\/td>\n<td>Hava<\/td>\n<td>1\/4 &#8221; Di\u015fli<\/td>\n<\/tr>\n<tr>\n<td>AKRKL-LZM-6T-A05<\/td>\n<td>2-20 Lt.\/Dk<\/td>\n<td>Hava<\/td>\n<td>1\/4 &#8221; Di\u015fli<\/td>\n<\/tr>\n<tr>\n<td>AKRKL-LZM-6T-A06<\/td>\n<td>3-15 Lt.\/Dk<\/td>\n<td>Hava<\/td>\n<td>1\/4 &#8221; Di\u015fli<\/td>\n<\/tr>\n<tr>\n<td>AKRKL-LZM-6T-A07<\/td>\n<td>3-30 Lt.\/Dk<\/td>\n<td>Hava<\/td>\n<td>1\/4 &#8221; Di\u015fli<\/td>\n<\/tr>\n<tr>\n<td>AKRKL-LZM-6T-A08<\/td>\n<td>6-30 Lt.\/Dk<\/td>\n<td>Hava<\/td>\n<td>1\/4 &#8221; Di\u015fli<\/td>\n<\/tr>\n<tr>\n<td>AKRKL-LZM-6T-A09<\/td>\n<td>10-100 Lt.\/Dk<\/td>\n<td>Hava<\/td>\n<td>1\/4 &#8221; Di\u015fli<\/td>\n<\/tr>\n<tr>\n<td>AKRKL-LZM-15T-A01<\/td>\n<td>0,04-0,4 m\u00b3\/Saat<\/td>\n<td>Hava<\/td>\n<td>1\/2&#8243; Di\u015fli<\/td>\n<\/tr>\n<tr>\n<td>AKRKL-LZM-15T-A02<\/td>\n<td>0,1-1 m\u00b3\/Saat<\/td>\n<td>Hava<\/td>\n<td>1\/2&#8243; Di\u015fli<\/td>\n<\/tr>\n<tr>\n<td>AKRKL-LZM-15T-A03<\/td>\n<td>0,25-2,5 m\u00b3\/Saat<\/td>\n<td>Hava<\/td>\n<td>1\/2&#8243; Di\u015fli<\/td>\n<\/tr>\n<tr>\n<td>AKRKL-LZM-15T-A04<\/td>\n<td>0,6-6 m\u00b3\/Saat<\/td>\n<td>Hava<\/td>\n<td>1\/2&#8243; Di\u015fli<\/td>\n<\/tr>\n<tr>\n<td>AKRKL-LZM-15T-A05<\/td>\n<td>1-10 m\u00b3\/Saat<\/td>\n<td>Hava<\/td>\n<td>1\/2&#8243; Di\u015fli<\/td>\n<\/tr>\n<tr>\n<td>AKRKL-LZM-15T-A06<\/td>\n<td>1,6-16 m\u00b3\/Saat<\/td>\n<td>Hava<\/td>\n<td>1\/2&#8243; Di\u015fli<\/td>\n<\/tr>\n<tr>\n<td>AKRKL-LZM-15T-A07<\/td>\n<td>2,5-25 m\u00b3\/Saat<\/td>\n<td>Hava<\/td>\n<td>1\/2&#8243; Di\u015fli<\/td>\n<\/tr>\n<tr>\n<td>AKRKL-LZM-15T-A08<\/td>\n<td>4-40 m\u00b3\/Saat<\/td>\n<td>Hava<\/td>\n<td>1\/2&#8243; Di\u015fli<\/td>\n<\/tr>\n<tr>\n<td>AKRKL-LZM-20T-A01<\/td>\n<td>2,5-25 m\u00b3\/Saat<\/td>\n<td>Hava<\/td>\n<td>1\/2&#8243; Di\u015fli<\/td>\n<\/tr>\n<tr>\n<td>AKRKL-LZM-20T-A02<\/td>\n<td>6-60 m\u00b3\/Saat<\/td>\n<td>Hava<\/td>\n<td>1\/2&#8243; Di\u015fli<\/td>\n<\/tr>\n<tr>\n<td>AKRKL-LZM-25T-A01<\/td>\n<td>2,5-25 m\u00b3\/Saat<\/td>\n<td>Hava<\/td>\n<td>1\u201d<\/td>\n<\/tr>\n<tr>\n<td>AKRKL-LZM-25T-A02<\/td>\n<td>6-60 m\u00b3\/Saat<\/td>\n<td>Hava<\/td>\n<td>1\u201d<\/td>\n<\/tr>\n<tr>\n<td>AKRKL-LZM-25T-A03<\/td>\n<td>20-100 m\u00b3\/Saat<\/td>\n<td>Hava<\/td>\n<td>1\u201d<\/td>\n<\/tr>\n<tr>\n<td>AKRKL-LZM-25T-A04<\/td>\n<td>40-160 m\u00b3\/Saat<\/td>\n<td>Hava<\/td>\n<td>1\u201d<\/td>\n<\/tr>\n<tr>\n<td>AKRKL-LZM-25T-A05<\/td>\n<td>50-250 m\u00b3\/Saat<\/td>\n<td>Hava<\/td>\n<td>1\u201d<\/td>\n<\/tr>\n<tr>\n<td>AKRKL-LZM-25T-A06<\/td>\n<td>35-350 m\u00b3\/Saat<\/td>\n<td>Hava<\/td>\n<td>1\u201d<\/td>\n<\/tr>\n<tr>\n<td>AKRKL-LZM-4T-L01<\/td>\n<td>6-60 mL\/Dk<\/td>\n<td>S\u0131v\u0131<\/td>\n<td>Klips (6mm Hortum)<\/td>\n<\/tr>\n<tr>\n<td>AKRKL-LZM-4T-L02<\/td>\n<td>40-400 mL\/Dk<\/td>\n<td>S\u0131v\u0131<\/td>\n<td>Klips (6mm Hortum)<\/td>\n<\/tr>\n<tr>\n<td>AKRKL-LZM-6T-L01<\/td>\n<td>16-160 mL\/Dk<\/td>\n<td>S\u0131v\u0131<\/td>\n<td>1\/4 &#8221; Di\u015fli<\/td>\n<\/tr>\n<tr>\n<td>AKRKL-LZM-6T-L02<\/td>\n<td>25-250 mL\/Dk<\/td>\n<td>S\u0131v\u0131<\/td>\n<td>1\/4 &#8221; Di\u015fli<\/td>\n<\/tr>\n<tr>\n<td>AKRKL-LZM-6T-L03<\/td>\n<td>80-400 mL\/Dk<\/td>\n<td>S\u0131v\u0131<\/td>\n<td>1\/4 &#8221; Di\u015fli<\/td>\n<\/tr>\n<tr>\n<td>AKRKL-LZM-6T-L04<\/td>\n<td>100-1000 mL\/Dk<\/td>\n<td>S\u0131v\u0131<\/td>\n<td>1\/4 &#8221; Di\u015fli<\/td>\n<\/tr>\n<tr>\n<td>AKRKL-LZM-15T-L01<\/td>\n<td>0,5-4 Lt.\/Dk.<\/td>\n<td>S\u0131v\u0131<\/td>\n<td>1\/2&#8243; Di\u015fli<\/td>\n<\/tr>\n<tr>\n<td>AKRKL-LZM-15T-L02<\/td>\n<td>0,8-8 Lt.\/Dk.<\/td>\n<td>S\u0131v\u0131<\/td>\n<td>1\/2&#8243; Di\u015fli<\/td>\n<\/tr>\n<tr>\n<td>AKRKL-LZM-15T-L03<\/td>\n<td>1-7 Lt.\/Dk.<\/td>\n<td>S\u0131v\u0131<\/td>\n<td>1\/2&#8243; Di\u015fli<\/td>\n<\/tr>\n<tr>\n<td>AKRKL-LZM-15T-L04<\/td>\n<td>1-11 Lt.\/Dk.<\/td>\n<td>S\u0131v\u0131<\/td>\n<td>1\/2&#8243; Di\u015fli<\/td>\n<\/tr>\n<tr>\n<td>AKRKL-LZM-15T-L05<\/td>\n<td>2-18 Lt.\/Dk.<\/td>\n<td>S\u0131v\u0131<\/td>\n<td>1\/2&#8243; Di\u015fli<\/td>\n<\/tr>\n<tr>\n<td>AKRKL-LZM-15T-VSIZ-L01<\/td>\n<td>10-100 Lt.\/Dk<\/td>\n<td>S\u0131v\u0131<\/td>\n<td>1\/2&#8243; Di\u015fli<\/td>\n<\/tr>\n<tr>\n<td>AKRKL-LZM-15T-VSIZ-L03<\/td>\n<td>16-160 Lt.\/Dk<\/td>\n<td>S\u0131v\u0131<\/td>\n<td>1\/2&#8243; Di\u015fli<\/td>\n<\/tr>\n<tr>\n<td>AKRKL-LZM-15T-VSIZ-L04<\/td>\n<td>25-250 Lt.\/Dk.<\/td>\n<td>S\u0131v\u0131<\/td>\n<td>1\/2&#8243; Di\u015fli<\/td>\n<\/tr>\n<tr>\n<td>AKRKL-LZM-20T-L01<\/td>\n<td>8-80 Lt.\/Dk.<\/td>\n<td>S\u0131v\u0131<\/td>\n<td>1\/2&#8243; Di\u015fli<\/td>\n<\/tr>\n<tr>\n<td>AKRKL-LZM-25T-L00<\/td>\n<td>5-35 Lt.\/Dk.<\/td>\n<td>S\u0131v\u0131<\/td>\n<td>1\u201d<\/td>\n<\/tr>\n<tr>\n<td>AKRKL-LZM-25T-L01<\/td>\n<td>12-52 Lt.\/Dk.<\/td>\n<td>S\u0131v\u0131<\/td>\n<td>1\u201d<\/td>\n<\/tr>\n<tr>\n<td>AKRKL-LZM-25T-L02<\/td>\n<td>20-100 Lt.\/Dk.<\/td>\n<td>S\u0131v\u0131<\/td>\n<td>1\u201d<\/td>\n<\/tr>\n<tr>\n<td>AKRKL-LZM-25T-L03<\/td>\n<td>30-170 Lt.\/Dk.<\/td>\n<td>S\u0131v\u0131<\/td>\n<td>1\u201d<\/td>\n<\/tr>\n<\/tbody>\n<\/table>\n","protected":false},"excerpt":{"rendered":"<ul>\n<li>Bu t\u00fcr debimetreler s\u0131v\u0131 ve gaz ak\u0131\u015fkanlar\u0131n anl\u0131k ak\u0131\u015f\u0131n\u0131 tespit etmek i\u00e7in kullan\u0131l\u0131r.<\/li>\n<\/ul>\n","protected":false},"featured_media":37428,"comment_status":"open","ping_status":"closed","template":"","meta":[],"product_brand":[138],"product_cat":[137],"product_tag":[],"class_list":{"0":"post-37426","1":"product","2":"type-product","3":"status-publish","4":"has-post-thumbnail","6":"product_brand-vefa","7":"product_cat-debimetre","9":"first","10":"instock","11":"sold-individually","12":"shipping-taxable","13":"product-type-simple"},"jetpack_sharing_enabled":true,"_links":{"self":[{"href":"https:\/\/akrekalonline.com\/index.php\/wp-json\/wp\/v2\/product\/37426","targetHints":{"allow":["GET"]}}],"collection":[{"href":"https:\/\/akrekalonline.com\/index.php\/wp-json\/wp\/v2\/product"}],"about":[{"href":"https:\/\/akrekalonline.com\/index.php\/wp-json\/wp\/v2\/types\/product"}],"replies":[{"embeddable":true,"href":"https:\/\/akrekalonline.com\/index.php\/wp-json\/wp\/v2\/comments?post=37426"}],"version-history":[{"count":2,"href":"https:\/\/akrekalonline.com\/index.php\/wp-json\/wp\/v2\/product\/37426\/revisions"}],"predecessor-version":[{"id":37434,"href":"https:\/\/akrekalonline.com\/index.php\/wp-json\/wp\/v2\/product\/37426\/revisions\/37434"}],"wp:featuredmedia":[{"embeddable":true,"href":"https:\/\/akrekalonline.com\/index.php\/wp-json\/wp\/v2\/media\/37428"}],"wp:attachment":[{"href":"https:\/\/akrekalonline.com\/index.php\/wp-json\/wp\/v2\/media?parent=37426"}],"wp:term":[{"taxonomy":"product_brand","embeddable":true,"href":"https:\/\/akrekalonline.com\/index.php\/wp-json\/wp\/v2\/product_brand?post=37426"},{"taxonomy":"product_cat","embeddable":true,"href":"https:\/\/akrekalonline.com\/index.php\/wp-json\/wp\/v2\/product_cat?post=37426"},{"taxonomy":"product_tag","embeddable":true,"href":"https:\/\/akrekalonline.com\/index.php\/wp-json\/wp\/v2\/product_tag?post=37426"}],"curies":[{"name":"wp","href":"https:\/\/api.w.org\/{rel}","templated":true}]}}