{"id":37436,"date":"2025-09-09T11:51:16","date_gmt":"2025-09-09T08:51:16","guid":{"rendered":"https:\/\/akrekalonline.com\/?post_type=product&#038;p=37436"},"modified":"2025-09-14T16:56:05","modified_gmt":"2025-09-14T13:56:05","slug":"terazimasasi","status":"publish","type":"product","link":"https:\/\/akrekalonline.com\/index.php\/urun\/terazimasasi\/","title":{"rendered":"Terazi Masas\u0131"},"content":{"rendered":"<h1>Terazi Masas\u0131<\/h1>\n<p style=\"text-align: left;\" data-start=\"282\" data-end=\"622\">Akrekal AKRKL-TM-01 Terazi Masas\u0131, laboratuvarlarda hassas tart\u0131m i\u015flemleri i\u00e7in geli\u015ftirilmi\u015f profesyonel bir \u00e7\u00f6z\u00fcmd\u00fcr. 75x75x90 cm \u00f6l\u00e7\u00fclerindeki masa, alt k\u0131sm\u0131nda sa\u011flam profil sac konstr\u00fcksiyonu ile maksimum dayan\u0131kl\u0131l\u0131k sunar. Elektrostatik toz boya kaplamas\u0131 sayesinde uzun y\u0131llar boyunca \u00e7izilmelere ve korozyona kar\u015f\u0131 koruma sa\u011flar.<\/p>\n<p style=\"text-align: left;\">\u00dcst k\u0131sm\u0131 kompakt laminattan \u00fcretilmi\u015ftir ve ortas\u0131nda bulunan 40&#215;40 cm \u00f6l\u00e7\u00fclerindeki mermer tabla, titre\u015fimleri minimuma indirerek terazilerin daha hassas \u00f6l\u00e7\u00fcm yapmas\u0131n\u0131 m\u00fcmk\u00fcn k\u0131lar. Hem ergonomik yap\u0131s\u0131 hem de \u015f\u0131k tasar\u0131m\u0131 ile laboratuvarlarda g\u00fcvenilir ve estetik bir \u00e7al\u0131\u015fma ortam\u0131 sa\u011flar.<\/p>\n<p style=\"text-align: left;\" data-start=\"923\" data-end=\"1093\">Akrekal AKRKL-TM-01, \u00f6zellikle analitik teraziler ve di\u011fer hassas \u00f6l\u00e7\u00fcm cihazlar\u0131n\u0131n kullan\u0131m\u0131na uygun, profesyonel kalite standartlar\u0131nda \u00fcretilmi\u015f bir terazi masas\u0131d\u0131r.<\/p>\n<p data-start=\"923\" data-end=\"1093\">Ayr\u0131ca bu \u00f6l\u00e7\u00fcn\u00fcn d\u0131\u015f\u0131nda istedi\u011finiz \u00f6l\u00e7\u00fcde masa imalat\u0131 yap\u0131lmaktad\u0131r.<\/p>\n<p>&nbsp;<\/p>\n","protected":false},"excerpt":{"rendered":"<p>Akrekal AKRKL-TM-01 Terazi Masas\u0131, laboratuvar ortam\u0131nda hassas \u00f6l\u00e7\u00fcmler i\u00e7in tasarlanm\u0131\u015f, dayan\u0131kl\u0131 yap\u0131s\u0131 ve mermer destekli \u00fcst y\u00fczeyiyle titre\u015fimsiz ve g\u00fcvenilir kullan\u0131m sa\u011flar.<\/p>\n","protected":false},"featured_media":37551,"comment_status":"open","ping_status":"closed","template":"","meta":[],"product_brand":[],"product_cat":[143],"product_tag":[],"class_list":{"0":"post-37436","1":"product","2":"type-product","3":"status-publish","4":"has-post-thumbnail","6":"product_cat-terazi-masalari","8":"first","9":"instock","10":"sold-individually","11":"shipping-taxable","12":"product-type-simple"},"jetpack_sharing_enabled":true,"_links":{"self":[{"href":"https:\/\/akrekalonline.com\/index.php\/wp-json\/wp\/v2\/product\/37436","targetHints":{"allow":["GET"]}}],"collection":[{"href":"https:\/\/akrekalonline.com\/index.php\/wp-json\/wp\/v2\/product"}],"about":[{"href":"https:\/\/akrekalonline.com\/index.php\/wp-json\/wp\/v2\/types\/product"}],"replies":[{"embeddable":true,"href":"https:\/\/akrekalonline.com\/index.php\/wp-json\/wp\/v2\/comments?post=37436"}],"version-history":[{"count":4,"href":"https:\/\/akrekalonline.com\/index.php\/wp-json\/wp\/v2\/product\/37436\/revisions"}],"predecessor-version":[{"id":37553,"href":"https:\/\/akrekalonline.com\/index.php\/wp-json\/wp\/v2\/product\/37436\/revisions\/37553"}],"wp:featuredmedia":[{"embeddable":true,"href":"https:\/\/akrekalonline.com\/index.php\/wp-json\/wp\/v2\/media\/37551"}],"wp:attachment":[{"href":"https:\/\/akrekalonline.com\/index.php\/wp-json\/wp\/v2\/media?parent=37436"}],"wp:term":[{"taxonomy":"product_brand","embeddable":true,"href":"https:\/\/akrekalonline.com\/index.php\/wp-json\/wp\/v2\/product_brand?post=37436"},{"taxonomy":"product_cat","embeddable":true,"href":"https:\/\/akrekalonline.com\/index.php\/wp-json\/wp\/v2\/product_cat?post=37436"},{"taxonomy":"product_tag","embeddable":true,"href":"https:\/\/akrekalonline.com\/index.php\/wp-json\/wp\/v2\/product_tag?post=37436"}],"curies":[{"name":"wp","href":"https:\/\/api.w.org\/{rel}","templated":true}]}}