{"id":37546,"date":"2025-09-13T20:05:17","date_gmt":"2025-09-13T17:05:17","guid":{"rendered":"https:\/\/akrekalonline.com\/?post_type=product&#038;p=37546"},"modified":"2025-09-13T20:13:49","modified_gmt":"2025-09-13T17:13:49","slug":"ph-orp-metre","status":"publish","type":"product","link":"https:\/\/akrekalonline.com\/index.php\/urun\/ph-orp-metre\/","title":{"rendered":"PH\/ORP Metre"},"content":{"rendered":"<h1 class=\"sec-title-2\">PH\/ORP Metre PHM 5.0<\/h1>\n<ul>\n<li>pHM5.0 pH metre, pH s\u0131cakl\u0131k ve ORP \u00f6l\u00e7mek \/ kontrol etmek i\u00e7in kullan\u0131lan\u00a0 \u00e7ok de\u011fi\u015fkenli analiz cihaz\u0131d\u0131r. (\u0130\u015flevi cihaz\u0131n\u00a0\u00fczerinden de\u011fi\u015ftirilebilir).\u00a0 \u00d6l\u00e7\u00fclen de\u011fi\u015fkene ba\u011fl\u0131 olarak, kombinasyon elektrotlar\u0131 (\u00f6rn. PH sens\u00f6rleri) veya\u00a0Ayr\u0131k\u00a0 versiyonlar\u0131 (ayr\u0131 bir referans elektrotlu cam elektrotlar) kolayca ba\u011flanabilir.<br \/>\nPH metre ara y\u00fcz\u00fc ger\u00e7ekten benzersizdir.\u00a0\u00a0Y\u00fcksek \u00e7\u00f6z\u00fcn\u00fcrl\u00fckl\u00fc dijital LCD ekran, \u00f6l\u00e7\u00fcmlerin net bir \u015fekilde okunabilir olmas\u0131n\u0131 sa\u011flar ve klavye\u00a0\u00a0kullan\u0131c\u0131n\u0131n cihaz\u0131 yap\u0131land\u0131rmas\u0131n\u0131 kolayla\u015ft\u0131r\u0131r.<br \/>\nEkrandaki talimatlar, uygulama i\u00e7in en iyi konfig\u00fcrasyonun elde edilmesini sa\u011flar.<br \/>\nGenel olarak uygulama alanlar\u0131; Ham su, i\u00e7me suyu ve at\u0131k su ar\u0131tma tesisleri\u00a0 \/ proses suyu ve kuyu sular\u0131\/ y\u00fczey suyunda, so\u011futma tesisinde s\u0131z\u0131nt\u0131 izleme.<\/li>\n<\/ul>\n<p>&nbsp;<\/p>\n<h2>\u00a0 \u00a0 <strong>\u00a0 UYGULAMA ALANLARI<\/strong><\/h2>\n<ul>\n<li>Ham su, i\u00e7me suyu uygulamalar\u0131<br \/>\nAt\u0131k su ar\u0131tma tesisleri<br \/>\nProses suyu ve kuyu sular\u0131<br \/>\nY\u00fczey suyunda, Kuyu suyunda ve so\u011futma tesislerinde s\u0131z\u0131nt\u0131 izleme.<\/li>\n<\/ul>\n","protected":false},"excerpt":{"rendered":"<p>pHM5.0, pH, s\u0131cakl\u0131k ve ORP \u00f6l\u00e7\u00fcmlerini tek cihazla hassas ve g\u00fcvenilir \u015fekilde yapan \u00e7ok de\u011fi\u015fkenli bir analiz cihaz\u0131d\u0131r. Y\u00fcksek \u00e7\u00f6z\u00fcn\u00fcrl\u00fckl\u00fc LCD ekran\u0131 ve kullan\u0131c\u0131 dostu aray\u00fcz\u00fc ile kolay kullan\u0131m sa\u011flar.<\/p>\n","protected":false},"featured_media":37547,"comment_status":"open","ping_status":"closed","template":"","meta":[],"product_brand":[142],"product_cat":[141],"product_tag":[],"class_list":{"0":"post-37546","1":"product","2":"type-product","3":"status-publish","4":"has-post-thumbnail","6":"product_brand-aktek","7":"product_cat-ph-metre","9":"first","10":"instock","11":"sold-individually","12":"shipping-taxable","13":"product-type-simple"},"jetpack_sharing_enabled":true,"_links":{"self":[{"href":"https:\/\/akrekalonline.com\/index.php\/wp-json\/wp\/v2\/product\/37546","targetHints":{"allow":["GET"]}}],"collection":[{"href":"https:\/\/akrekalonline.com\/index.php\/wp-json\/wp\/v2\/product"}],"about":[{"href":"https:\/\/akrekalonline.com\/index.php\/wp-json\/wp\/v2\/types\/product"}],"replies":[{"embeddable":true,"href":"https:\/\/akrekalonline.com\/index.php\/wp-json\/wp\/v2\/comments?post=37546"}],"version-history":[{"count":1,"href":"https:\/\/akrekalonline.com\/index.php\/wp-json\/wp\/v2\/product\/37546\/revisions"}],"predecessor-version":[{"id":37548,"href":"https:\/\/akrekalonline.com\/index.php\/wp-json\/wp\/v2\/product\/37546\/revisions\/37548"}],"wp:featuredmedia":[{"embeddable":true,"href":"https:\/\/akrekalonline.com\/index.php\/wp-json\/wp\/v2\/media\/37547"}],"wp:attachment":[{"href":"https:\/\/akrekalonline.com\/index.php\/wp-json\/wp\/v2\/media?parent=37546"}],"wp:term":[{"taxonomy":"product_brand","embeddable":true,"href":"https:\/\/akrekalonline.com\/index.php\/wp-json\/wp\/v2\/product_brand?post=37546"},{"taxonomy":"product_cat","embeddable":true,"href":"https:\/\/akrekalonline.com\/index.php\/wp-json\/wp\/v2\/product_cat?post=37546"},{"taxonomy":"product_tag","embeddable":true,"href":"https:\/\/akrekalonline.com\/index.php\/wp-json\/wp\/v2\/product_tag?post=37546"}],"curies":[{"name":"wp","href":"https:\/\/api.w.org\/{rel}","templated":true}]}}