{"id":37562,"date":"2025-10-01T18:33:42","date_gmt":"2025-10-01T15:33:42","guid":{"rendered":"https:\/\/akrekalonline.com\/?post_type=product&#038;p=37562"},"modified":"2025-10-01T18:53:26","modified_gmt":"2025-10-01T15:53:26","slug":"tasi-ta612c-k-j-tipi-profesyonel-4-kanalli-dijital-usb-sicaklik-olcer-ve-veri-kaydedici","status":"publish","type":"product","link":"https:\/\/akrekalonline.com\/index.php\/urun\/tasi-ta612c-k-j-tipi-profesyonel-4-kanalli-dijital-usb-sicaklik-olcer-ve-veri-kaydedici\/","title":{"rendered":"TASI TA612C K\/J Tipi Profesyonel 4 Kanall\u0131 Dijital USB S\u0131cakl\u0131k \u00d6l\u00e7er ve Veri Kaydedici"},"content":{"rendered":"<h1>TASI TA612C K\/J Tipi Profesyonel 4 Kanall\u0131 Dijital USB S\u0131cakl\u0131k \u00d6l\u00e7er ve Veri Kaydedici<\/h1>\n<ul>\n<li data-start=\"118\" data-end=\"237\">\n<p data-start=\"169\" data-end=\"486\"><strong data-start=\"169\" data-end=\"236\">TASI TA612C K\/J Tipi 4 Kanall\u0131 Dijital USB Termokupl Termometre<\/strong>, profesyonel s\u0131cakl\u0131k \u00f6l\u00e7\u00fcm ihtiya\u00e7lar\u0131 i\u00e7in tasarlanm\u0131\u015f geli\u015fmi\u015f bir cihazd\u0131r. Ayn\u0131 anda <strong data-start=\"327\" data-end=\"364\">4 farkl\u0131 noktadan s\u0131cakl\u0131k takibi<\/strong> yapabilme \u00f6zelli\u011fi sayesinde end\u00fcstriyel alanlardan laboratuvar \u00e7al\u0131\u015fmalar\u0131na kadar geni\u015f bir kullan\u0131m yelpazesi sunar.<\/p>\n<p data-start=\"488\" data-end=\"700\"><strong data-start=\"488\" data-end=\"512\">-200 \u00b0C ila +1372 \u00b0C<\/strong> aras\u0131ndaki geni\u015f \u00f6l\u00e7\u00fcm aral\u0131\u011f\u0131 ile y\u00fcksek hassasiyetli sonu\u00e7lar elde edebilir, ayarlanabilir telafi \u00f6zelli\u011fi sayesinde (-9 \u00b0C ~ +9 \u00b0C) \u00f6l\u00e7\u00fcmlerinizi do\u011fru \u015fekilde kalibre edebilirsiniz.<\/p>\n<p data-start=\"702\" data-end=\"967\">USB ba\u011flant\u0131 deste\u011fi ve <strong data-start=\"726\" data-end=\"764\">5999 grup veri depolama kapasitesi<\/strong> sayesinde \u00f6l\u00e7\u00fcmlerinizi kolayca kaydedebilir, aktarabilir ve raporlayabilirsiniz. Dayan\u0131kl\u0131 <strong data-start=\"857\" data-end=\"872\">ABS g\u00f6vdesi<\/strong>, hafif tasar\u0131m\u0131 (189 g) ve ta\u015f\u0131nabilir boyutlar\u0131 ile her ortamda pratik bir kullan\u0131m sa\u011flar.<\/p>\n<p data-start=\"969\" data-end=\"1097\">Enerji verimlili\u011fi i\u00e7in <strong data-start=\"993\" data-end=\"1008\">3 x AAA pil<\/strong> ile \u00e7al\u0131\u015fabilen cihaz ayn\u0131 zamanda <strong data-start=\"1044\" data-end=\"1072\">USB destekli g\u00fc\u00e7 kayna\u011f\u0131<\/strong> ile de kullan\u0131labilir.<\/p>\n<\/li>\n<\/ul>\n<p>&nbsp;<\/p>\n<h3 data-start=\"192\" data-end=\"220\"><strong data-start=\"196\" data-end=\"220\">\u00d6ne \u00c7\u0131kan \u00d6zellikler<\/strong><\/h3>\n<ul data-start=\"221\" data-end=\"867\">\n<li data-start=\"221\" data-end=\"295\">\n<p data-start=\"223\" data-end=\"295\"><strong data-start=\"223\" data-end=\"237\">\u00dcr\u00fcn Tipi:<\/strong> Profesyonel S\u0131cakl\u0131k Test Cihaz\u0131 (Termokupl Termometre)<\/p>\n<\/li>\n<li data-start=\"296\" data-end=\"330\">\n<p data-start=\"298\" data-end=\"330\"><strong data-start=\"298\" data-end=\"316\">Marka \/ Model:<\/strong> TASI TA612C<\/p>\n<\/li>\n<li data-start=\"331\" data-end=\"389\">\n<p data-start=\"333\" data-end=\"389\"><strong data-start=\"333\" data-end=\"348\">\u00d6l\u00e7\u00fcm Tipi:<\/strong> K\/J Tipi, 4 Kanall\u0131 Dijital Termometre<\/p>\n<\/li>\n<li data-start=\"390\" data-end=\"440\">\n<p data-start=\"392\" data-end=\"440\"><strong data-start=\"392\" data-end=\"419\">S\u0131cakl\u0131k \u00d6l\u00e7\u00fcm Aral\u0131\u011f\u0131:<\/strong> -200 \u00b0C ~ +1372 \u00b0C<\/p>\n<\/li>\n<li data-start=\"441\" data-end=\"492\">\n<p data-start=\"443\" data-end=\"492\"><strong data-start=\"443\" data-end=\"476\">Ayarlanabilir Telafi Aral\u0131\u011f\u0131:<\/strong> -9 \u00b0C ~ +9 \u00b0C<\/p>\n<\/li>\n<li data-start=\"493\" data-end=\"600\">\n<p data-start=\"495\" data-end=\"518\"><strong data-start=\"495\" data-end=\"516\">Veri \u00d6zellikleri:<\/strong><\/p>\n<ul data-start=\"521\" data-end=\"600\">\n<li data-start=\"521\" data-end=\"559\">\n<p data-start=\"523\" data-end=\"559\">USB \u00fczerinden veri y\u00fckleme deste\u011fi<\/p>\n<\/li>\n<li data-start=\"562\" data-end=\"600\">\n<p data-start=\"564\" data-end=\"600\">5999 grup veri depolama kapasitesi<\/p>\n<\/li>\n<\/ul>\n<\/li>\n<li data-start=\"601\" data-end=\"656\">\n<p data-start=\"603\" data-end=\"656\"><strong data-start=\"603\" data-end=\"619\">G\u00fc\u00e7 Kayna\u011f\u0131:<\/strong> 3 x 1.5V AAA pil veya USB destekli<\/p>\n<\/li>\n<li data-start=\"657\" data-end=\"708\">\n<p data-start=\"659\" data-end=\"708\"><strong data-start=\"659\" data-end=\"671\">Malzeme:<\/strong> ABS g\u00f6vde, dayan\u0131kl\u0131 ve hafif yap\u0131<\/p>\n<\/li>\n<li data-start=\"709\" data-end=\"743\">\n<p data-start=\"711\" data-end=\"743\"><strong data-start=\"711\" data-end=\"724\">Boyutlar:<\/strong> 177 x 70 x 35 mm<\/p>\n<\/li>\n<li data-start=\"744\" data-end=\"775\">\n<p data-start=\"746\" data-end=\"775\"><strong data-start=\"746\" data-end=\"758\">A\u011f\u0131rl\u0131k:<\/strong> 189 g (pilsiz)<\/p>\n<\/li>\n<\/ul>\n<p>&nbsp;<\/p>\n","protected":false},"excerpt":{"rendered":"<ul>\n<li data-start=\"118\" data-end=\"237\">\n<p data-start=\"169\" data-end=\"486\"><strong data-start=\"169\" data-end=\"236\">TASI TA612C K\/J Tipi 4 Kanall\u0131 Dijital USB Termokupl Termometre<\/strong>, profesyonel s\u0131cakl\u0131k \u00f6l\u00e7\u00fcm ihtiya\u00e7lar\u0131 i\u00e7in tasarlanm\u0131\u015f geli\u015fmi\u015f bir cihazd\u0131r. Ayn\u0131 anda <strong data-start=\"327\" data-end=\"364\">4 farkl\u0131 noktadan s\u0131cakl\u0131k takibi<\/strong> yapabilme \u00f6zelli\u011fi sayesinde end\u00fcstriyel alanlardan laboratuvar \u00e7al\u0131\u015fmalar\u0131na kadar geni\u015f bir kullan\u0131m yelpazesi sunar.<\/p>\n<p data-start=\"488\" data-end=\"700\"><strong data-start=\"488\" data-end=\"512\">-200 \u00b0C ila +1372 \u00b0C<\/strong> aras\u0131ndaki geni\u015f \u00f6l\u00e7\u00fcm aral\u0131\u011f\u0131 ile y\u00fcksek hassasiyetli sonu\u00e7lar elde edebilir, ayarlanabilir telafi \u00f6zelli\u011fi sayesinde (-9 \u00b0C ~ +9 \u00b0C) \u00f6l\u00e7\u00fcmlerinizi do\u011fru \u015fekilde kalibre edebilirsiniz.<\/p>\n<\/li>\n<\/ul>\n","protected":false},"featured_media":37565,"comment_status":"open","ping_status":"closed","template":"","meta":[],"product_brand":[125],"product_cat":[81],"product_tag":[],"class_list":{"0":"post-37562","1":"product","2":"type-product","3":"status-publish","4":"has-post-thumbnail","6":"product_brand-martel","7":"product_cat-sicaklik","9":"first","10":"instock","11":"shipping-taxable","12":"product-type-simple"},"jetpack_sharing_enabled":true,"_links":{"self":[{"href":"https:\/\/akrekalonline.com\/index.php\/wp-json\/wp\/v2\/product\/37562","targetHints":{"allow":["GET"]}}],"collection":[{"href":"https:\/\/akrekalonline.com\/index.php\/wp-json\/wp\/v2\/product"}],"about":[{"href":"https:\/\/akrekalonline.com\/index.php\/wp-json\/wp\/v2\/types\/product"}],"replies":[{"embeddable":true,"href":"https:\/\/akrekalonline.com\/index.php\/wp-json\/wp\/v2\/comments?post=37562"}],"version-history":[{"count":1,"href":"https:\/\/akrekalonline.com\/index.php\/wp-json\/wp\/v2\/product\/37562\/revisions"}],"predecessor-version":[{"id":37572,"href":"https:\/\/akrekalonline.com\/index.php\/wp-json\/wp\/v2\/product\/37562\/revisions\/37572"}],"wp:featuredmedia":[{"embeddable":true,"href":"https:\/\/akrekalonline.com\/index.php\/wp-json\/wp\/v2\/media\/37565"}],"wp:attachment":[{"href":"https:\/\/akrekalonline.com\/index.php\/wp-json\/wp\/v2\/media?parent=37562"}],"wp:term":[{"taxonomy":"product_brand","embeddable":true,"href":"https:\/\/akrekalonline.com\/index.php\/wp-json\/wp\/v2\/product_brand?post=37562"},{"taxonomy":"product_cat","embeddable":true,"href":"https:\/\/akrekalonline.com\/index.php\/wp-json\/wp\/v2\/product_cat?post=37562"},{"taxonomy":"product_tag","embeddable":true,"href":"https:\/\/akrekalonline.com\/index.php\/wp-json\/wp\/v2\/product_tag?post=37562"}],"curies":[{"name":"wp","href":"https:\/\/api.w.org\/{rel}","templated":true}]}}