{"id":37574,"date":"2025-10-01T19:00:45","date_gmt":"2025-10-01T16:00:45","guid":{"rendered":"https:\/\/akrekalonline.com\/?post_type=product&#038;p=37574"},"modified":"2025-10-01T19:08:57","modified_gmt":"2025-10-01T16:08:57","slug":"50c-ila-1200c-tel-kablo-ile-k-tipi-termokupl","status":"publish","type":"product","link":"https:\/\/akrekalonline.com\/index.php\/urun\/50c-ila-1200c-tel-kablo-ile-k-tipi-termokupl\/","title":{"rendered":"-50C ila 1200C Tel Kablo ile K-Tipi Termokupl"},"content":{"rendered":"<h1>\u00a0-50C ila 1200C Tel Kablo ile K-Tipi Termokupl<\/h1>\n<ul>\n<li data-start=\"118\" data-end=\"237\">\n<p data-start=\"186\" data-end=\"486\"><strong data-start=\"186\" data-end=\"238\">Yepyeni ve y\u00fcksek kaliteli K Tipi Termokupl Prob<\/strong>, dijital termometrelerinizle uyumlu \u00e7al\u0131\u015farak geni\u015f s\u0131cakl\u0131k aral\u0131\u011f\u0131nda do\u011fru ve g\u00fcvenilir \u00f6l\u00e7\u00fcm sa\u011flar. <strong data-start=\"344\" data-end=\"362\">-50\u00b0C ~ 1200\u00b0C<\/strong> s\u0131cakl\u0131k aral\u0131\u011f\u0131na sahip bu prob, end\u00fcstriyel \u00f6l\u00e7\u00fcmlerden laboratuvar deneylerine kadar bir\u00e7ok kullan\u0131m alan\u0131na uygundur.<\/p>\n<p data-start=\"488\" data-end=\"558\"><strong data-start=\"488\" data-end=\"517\">Prob uzunluk se\u00e7enekleri:<\/strong> 100 mm, 500 mm<\/p>\n<hr data-start=\"560\" data-end=\"563\" \/>\n<h3 data-start=\"565\" data-end=\"593\"><strong data-start=\"569\" data-end=\"593\">\u00d6ne \u00c7\u0131kan \u00d6zellikler<\/strong><\/h3>\n<ul data-start=\"594\" data-end=\"976\">\n<li data-start=\"594\" data-end=\"656\">\n<p data-start=\"596\" data-end=\"656\">\u2705 <strong data-start=\"598\" data-end=\"620\">K Tipi konnekt\u00f6rl\u00fc<\/strong> \u2013 -50\u00b0C ~ 1200\u00b0C s\u0131cakl\u0131k aral\u0131\u011f\u0131<\/p>\n<\/li>\n<li data-start=\"657\" data-end=\"723\">\n<p data-start=\"659\" data-end=\"723\">\u2705 <strong data-start=\"661\" data-end=\"684\">Y\u00fcksek hassasiyetli<\/strong> \u2013 Do\u011fru ve g\u00fcvenilir \u00f6l\u00e7\u00fcm sonu\u00e7lar\u0131<\/p>\n<\/li>\n<li data-start=\"724\" data-end=\"791\">\n<p data-start=\"726\" data-end=\"791\">\u2705 <strong data-start=\"728\" data-end=\"746\">Dayan\u0131kl\u0131 yap\u0131<\/strong> \u2013 Uzun s\u00fcreli kullan\u0131m i\u00e7in tasarlanm\u0131\u015ft\u0131r<\/p>\n<\/li>\n<li data-start=\"792\" data-end=\"890\">\n<p data-start=\"794\" data-end=\"890\">\u2705 <strong data-start=\"796\" data-end=\"815\">Kompakt tasar\u0131m<\/strong> \u2013 Suya veya \u00f6l\u00e7mek istedi\u011finiz di\u011fer nesnelere kolayca yerle\u015ftirilebilir<\/p>\n<\/li>\n<li data-start=\"891\" data-end=\"976\">\n<p data-start=\"893\" data-end=\"976\">\u2705 <strong data-start=\"895\" data-end=\"905\">Uyumlu<\/strong> \u2013 Dijital K Tipi termometrelerle \u00e7al\u0131\u015f\u0131r, minyat\u00fcr tip konekt\u00f6rl\u00fcd\u00fcr<\/p>\n<\/li>\n<\/ul>\n<hr data-start=\"1036\" data-end=\"1039\" \/>\n<h3 data-start=\"1041\" data-end=\"1057\"><strong data-start=\"1045\" data-end=\"1057\">Uyar\u0131lar<\/strong><\/h3>\n<ol data-start=\"1058\" data-end=\"1212\">\n<li data-start=\"1058\" data-end=\"1086\">\n<p data-start=\"1061\" data-end=\"1086\">1 cm = 10 mm = 0,39 in\u00e7<\/p>\n<\/li>\n<li data-start=\"1087\" data-end=\"1137\">\n<p data-start=\"1090\" data-end=\"1137\">Manuel \u00f6l\u00e7\u00fcm nedeniyle \u00b11-2 mm fark olabilir.<\/p>\n<\/li>\n<li data-start=\"1138\" data-end=\"1212\">\n<p data-start=\"1141\" data-end=\"1212\">Farkl\u0131 ekran ayarlar\u0131 nedeniyle renklerde k\u00fc\u00e7\u00fck sapmalar g\u00f6r\u00fclebilir.<\/p>\n<\/li>\n<\/ol>\n<\/li>\n<\/ul>\n<p>&nbsp;<\/p>\n","protected":false},"excerpt":{"rendered":"<p><strong data-start=\"186\" data-end=\"238\">Yepyeni ve y\u00fcksek kaliteli K Tipi Termokupl Prob<\/strong>, dijital termometrelerinizle uyumlu \u00e7al\u0131\u015farak geni\u015f s\u0131cakl\u0131k aral\u0131\u011f\u0131nda do\u011fru ve g\u00fcvenilir \u00f6l\u00e7\u00fcm sa\u011flar. <strong data-start=\"344\" data-end=\"362\">-50\u00b0C ~ 1200\u00b0C<\/strong> s\u0131cakl\u0131k aral\u0131\u011f\u0131na sahip bu prob, end\u00fcstriyel \u00f6l\u00e7\u00fcmlerden laboratuvar deneylerine kadar bir\u00e7ok kullan\u0131m alan\u0131na uygundur.<\/p>\n","protected":false},"featured_media":37575,"comment_status":"open","ping_status":"closed","template":"","meta":[],"product_brand":[125],"product_cat":[81],"product_tag":[],"class_list":{"0":"post-37574","1":"product","2":"type-product","3":"status-publish","4":"has-post-thumbnail","6":"product_brand-martel","7":"product_cat-sicaklik","9":"first","10":"instock","11":"shipping-taxable","12":"product-type-simple"},"jetpack_sharing_enabled":true,"_links":{"self":[{"href":"https:\/\/akrekalonline.com\/index.php\/wp-json\/wp\/v2\/product\/37574","targetHints":{"allow":["GET"]}}],"collection":[{"href":"https:\/\/akrekalonline.com\/index.php\/wp-json\/wp\/v2\/product"}],"about":[{"href":"https:\/\/akrekalonline.com\/index.php\/wp-json\/wp\/v2\/types\/product"}],"replies":[{"embeddable":true,"href":"https:\/\/akrekalonline.com\/index.php\/wp-json\/wp\/v2\/comments?post=37574"}],"version-history":[{"count":1,"href":"https:\/\/akrekalonline.com\/index.php\/wp-json\/wp\/v2\/product\/37574\/revisions"}],"predecessor-version":[{"id":37579,"href":"https:\/\/akrekalonline.com\/index.php\/wp-json\/wp\/v2\/product\/37574\/revisions\/37579"}],"wp:featuredmedia":[{"embeddable":true,"href":"https:\/\/akrekalonline.com\/index.php\/wp-json\/wp\/v2\/media\/37575"}],"wp:attachment":[{"href":"https:\/\/akrekalonline.com\/index.php\/wp-json\/wp\/v2\/media?parent=37574"}],"wp:term":[{"taxonomy":"product_brand","embeddable":true,"href":"https:\/\/akrekalonline.com\/index.php\/wp-json\/wp\/v2\/product_brand?post=37574"},{"taxonomy":"product_cat","embeddable":true,"href":"https:\/\/akrekalonline.com\/index.php\/wp-json\/wp\/v2\/product_cat?post=37574"},{"taxonomy":"product_tag","embeddable":true,"href":"https:\/\/akrekalonline.com\/index.php\/wp-json\/wp\/v2\/product_tag?post=37574"}],"curies":[{"name":"wp","href":"https:\/\/api.w.org\/{rel}","templated":true}]}}